{"id":1975,"date":"2022-03-04T20:10:10","date_gmt":"2022-03-04T19:10:10","guid":{"rendered":"https:\/\/la-montez.de\/?page_id=1975"},"modified":"2025-07-22T10:08:39","modified_gmt":"2025-07-22T08:08:39","slug":"luana","status":"publish","type":"page","link":"https:\/\/la-montez.de\/en\/luana\/","title":{"rendered":"Luana"},"content":{"rendered":"<div align=\"center\">\n<h2>Luana de La Montez<\/h2>\n<p><img decoding=\"async\" loading=\"lazy\" class=\"news_img alignnone wp-image-2212 size-full\" src=\"https:\/\/la-montez.de\/wp-content\/uploads\/2023\/06\/Luana20M.4-e1686227856209.jpg\" alt=\"\" width=\"676\" height=\"582\" srcset=\"https:\/\/la-montez.de\/wp-content\/uploads\/2023\/06\/Luana20M.4-e1686227856209.jpg 676w, https:\/\/la-montez.de\/wp-content\/uploads\/2023\/06\/Luana20M.4-e1686227856209-300x258.jpg 300w, https:\/\/la-montez.de\/wp-content\/uploads\/2023\/06\/Luana20M.4-e1686227856209-14x12.jpg 14w\" sizes=\"(max-width: 676px) 100vw, 676px\" \/><\/p>\n<p><em>Geboren: 12.10.2021<\/em><em><br \/>\n<\/em><em>Farbe: schwarz\/wei\u00df<\/em><em><br \/>\n<\/em><em>Gr\u00f6\u00dfe: 26<\/em><em>\u00a0cm<br \/>\n<\/em><em>PL: frei (2022)<\/em><em><br \/>\n<\/em><em>PRA: frei (2024)<\/em><em><br \/>\n<\/em><em>Gentests: PRA1-Tr\u00e4ger, NAD-frei, vWDI-frei, Faktor VII Defizienz-frei,<\/em><\/p>\n<\/div>\n<p><img decoding=\"async\" class=\"aligncenter\" src=\"http:\/\/la-montez-papillons.de.w016d93c.kasserver.com\/de\/wp-content\/uploads\/2017\/06\/line.png\" \/><\/p>\n<p style=\"text-align: center;\">Rheinland-Pfalz Jugendsiegerin<\/p>\n<p style=\"text-align: center;\">Jugendchampion Luxembourg<br \/>\nJugendchampion Deutschland<br \/>\nVDH Champion<\/p>\n<p>&nbsp;<\/p>\n<p>&nbsp;<\/p>\n<p><img decoding=\"async\" class=\"aligncenter\" src=\"http:\/\/la-montez-papillons.de.w016d93c.kasserver.com\/de\/wp-content\/uploads\/2017\/06\/line.png\" \/><\/p>\n<div id='gallery-1' class='gallery galleryid-1975 gallery-columns-6 gallery-size-thumbnail'><figure class='gallery-item'>\n\t\t\t<div class='gallery-icon landscape'>\n\t\t\t\t<a href='https:\/\/la-montez.de\/wp-content\/uploads\/2021\/10\/Luana2Tage-alt.jpg' rel=\"lightbox[gallery-0]\"><img width=\"150\" height=\"150\" src=\"https:\/\/la-montez.de\/wp-content\/uploads\/2021\/10\/Luana2Tage-alt-150x150.jpg\" class=\"attachment-thumbnail size-thumbnail\" alt=\"\" decoding=\"async\" loading=\"lazy\" \/><\/a>\n\t\t\t<\/div><\/figure><figure class='gallery-item'>\n\t\t\t<div class='gallery-icon landscape'>\n\t\t\t\t<a href='https:\/\/la-montez.de\/wp-content\/uploads\/2021\/10\/Luana2Wochen.jpg' rel=\"lightbox[gallery-0]\"><img width=\"150\" height=\"150\" src=\"https:\/\/la-montez.de\/wp-content\/uploads\/2021\/10\/Luana2Wochen-150x150.jpg\" class=\"attachment-thumbnail size-thumbnail\" alt=\"\" decoding=\"async\" loading=\"lazy\" \/><\/a>\n\t\t\t<\/div><\/figure><figure class='gallery-item'>\n\t\t\t<div class='gallery-icon landscape'>\n\t\t\t\t<a href='https:\/\/la-montez.de\/wp-content\/uploads\/2021\/11\/Luana45Wochen.jpg' rel=\"lightbox[gallery-0]\"><img width=\"150\" height=\"150\" src=\"https:\/\/la-montez.de\/wp-content\/uploads\/2021\/11\/Luana45Wochen-150x150.jpg\" class=\"attachment-thumbnail size-thumbnail\" alt=\"\" decoding=\"async\" loading=\"lazy\" \/><\/a>\n\t\t\t<\/div><\/figure><figure class='gallery-item'>\n\t\t\t<div class='gallery-icon landscape'>\n\t\t\t\t<a href='https:\/\/la-montez.de\/wp-content\/uploads\/2021\/11\/Luana6Wochen.jpg' rel=\"lightbox[gallery-0]\"><img width=\"150\" height=\"150\" src=\"https:\/\/la-montez.de\/wp-content\/uploads\/2021\/11\/Luana6Wochen-150x150.jpg\" class=\"attachment-thumbnail size-thumbnail\" alt=\"\" decoding=\"async\" loading=\"lazy\" \/><\/a>\n\t\t\t<\/div><\/figure><figure class='gallery-item'>\n\t\t\t<div class='gallery-icon landscape'>\n\t\t\t\t<a href='https:\/\/la-montez.de\/wp-content\/uploads\/2021\/12\/Luana9Wochen.jpg' rel=\"lightbox[gallery-0]\"><img width=\"150\" height=\"150\" src=\"https:\/\/la-montez.de\/wp-content\/uploads\/2021\/12\/Luana9Wochen-150x150.jpg\" class=\"attachment-thumbnail size-thumbnail\" alt=\"\" decoding=\"async\" loading=\"lazy\" srcset=\"https:\/\/la-montez.de\/wp-content\/uploads\/2021\/12\/Luana9Wochen-150x150.jpg 150w, https:\/\/la-montez.de\/wp-content\/uploads\/2021\/12\/Luana9Wochen-13x12.jpg 13w\" sizes=\"(max-width: 150px) 100vw, 150px\" \/><\/a>\n\t\t\t<\/div><\/figure><figure class='gallery-item'>\n\t\t\t<div class='gallery-icon landscape'>\n\t\t\t\t<a href='https:\/\/la-montez.de\/wp-content\/uploads\/2022\/03\/Luana5Monate.1.jpg' rel=\"lightbox[gallery-0]\"><img width=\"150\" height=\"150\" src=\"https:\/\/la-montez.de\/wp-content\/uploads\/2022\/03\/Luana5Monate.1-150x150.jpg\" class=\"attachment-thumbnail size-thumbnail\" alt=\"\" decoding=\"async\" loading=\"lazy\" srcset=\"https:\/\/la-montez.de\/wp-content\/uploads\/2022\/03\/Luana5Monate.1-150x150.jpg 150w, https:\/\/la-montez.de\/wp-content\/uploads\/2022\/03\/Luana5Monate.1-13x12.jpg 13w\" sizes=\"(max-width: 150px) 100vw, 150px\" \/><\/a>\n\t\t\t<\/div><\/figure><figure class='gallery-item'>\n\t\t\t<div class='gallery-icon landscape'>\n\t\t\t\t<a href='https:\/\/la-montez.de\/wp-content\/uploads\/2022\/03\/Luana5Monate.4.jpg' rel=\"lightbox[gallery-0]\"><img width=\"150\" height=\"150\" src=\"https:\/\/la-montez.de\/wp-content\/uploads\/2022\/03\/Luana5Monate.4-150x150.jpg\" class=\"attachment-thumbnail size-thumbnail\" alt=\"\" decoding=\"async\" loading=\"lazy\" srcset=\"https:\/\/la-montez.de\/wp-content\/uploads\/2022\/03\/Luana5Monate.4-150x150.jpg 150w, https:\/\/la-montez.de\/wp-content\/uploads\/2022\/03\/Luana5Monate.4-13x12.jpg 13w\" sizes=\"(max-width: 150px) 100vw, 150px\" \/><\/a>\n\t\t\t<\/div><\/figure><figure class='gallery-item'>\n\t\t\t<div class='gallery-icon landscape'>\n\t\t\t\t<a href='https:\/\/la-montez.de\/wp-content\/uploads\/2022\/03\/Luana5Monate.6-1.jpg' rel=\"lightbox[gallery-0]\"><img width=\"150\" height=\"150\" src=\"https:\/\/la-montez.de\/wp-content\/uploads\/2022\/03\/Luana5Monate.6-1-150x150.jpg\" class=\"attachment-thumbnail size-thumbnail\" alt=\"\" decoding=\"async\" loading=\"lazy\" \/><\/a>\n\t\t\t<\/div><\/figure><figure class='gallery-item'>\n\t\t\t<div class='gallery-icon landscape'>\n\t\t\t\t<a href='https:\/\/la-montez.de\/wp-content\/uploads\/2022\/08\/Luana10Monate.1.jpg' rel=\"lightbox[gallery-0]\"><img width=\"150\" height=\"150\" src=\"https:\/\/la-montez.de\/wp-content\/uploads\/2022\/08\/Luana10Monate.1-150x150.jpg\" class=\"attachment-thumbnail size-thumbnail\" alt=\"\" decoding=\"async\" loading=\"lazy\" \/><\/a>\n\t\t\t<\/div><\/figure><figure class='gallery-item'>\n\t\t\t<div class='gallery-icon portrait'>\n\t\t\t\t<a href='https:\/\/la-montez.de\/wp-content\/uploads\/2022\/08\/Luana10Monate.2.jpg' rel=\"lightbox[gallery-0]\"><img width=\"150\" height=\"150\" src=\"https:\/\/la-montez.de\/wp-content\/uploads\/2022\/08\/Luana10Monate.2-150x150.jpg\" class=\"attachment-thumbnail size-thumbnail\" alt=\"\" decoding=\"async\" loading=\"lazy\" \/><\/a>\n\t\t\t<\/div><\/figure><figure class='gallery-item'>\n\t\t\t<div class='gallery-icon landscape'>\n\t\t\t\t<a href='https:\/\/la-montez.de\/wp-content\/uploads\/2022\/08\/Luana10Monate.4.jpg' rel=\"lightbox[gallery-0]\"><img width=\"150\" height=\"150\" src=\"https:\/\/la-montez.de\/wp-content\/uploads\/2022\/08\/Luana10Monate.4-150x150.jpg\" class=\"attachment-thumbnail size-thumbnail\" alt=\"\" decoding=\"async\" loading=\"lazy\" \/><\/a>\n\t\t\t<\/div><\/figure><figure class='gallery-item'>\n\t\t\t<div class='gallery-icon landscape'>\n\t\t\t\t<a href='https:\/\/la-montez.de\/wp-content\/uploads\/2022\/08\/Luana10Monate.5.jpg' rel=\"lightbox[gallery-0]\"><img width=\"150\" height=\"150\" src=\"https:\/\/la-montez.de\/wp-content\/uploads\/2022\/08\/Luana10Monate.5-150x150.jpg\" class=\"attachment-thumbnail size-thumbnail\" alt=\"\" decoding=\"async\" loading=\"lazy\" \/><\/a>\n\t\t\t<\/div><\/figure><figure class='gallery-item'>\n\t\t\t<div class='gallery-icon landscape'>\n\t\t\t\t<a href='https:\/\/la-montez.de\/wp-content\/uploads\/2023\/06\/Luana20M.3.jpg' rel=\"lightbox[gallery-0]\"><img width=\"150\" height=\"150\" src=\"https:\/\/la-montez.de\/wp-content\/uploads\/2023\/06\/Luana20M.3-150x150.jpg\" class=\"attachment-thumbnail size-thumbnail\" alt=\"\" decoding=\"async\" loading=\"lazy\" \/><\/a>\n\t\t\t<\/div><\/figure><figure class='gallery-item'>\n\t\t\t<div class='gallery-icon landscape'>\n\t\t\t\t<a href='https:\/\/la-montez.de\/wp-content\/uploads\/2023\/06\/Luana20M.Kopf_-e1695626034260.jpg' rel=\"lightbox[gallery-0]\"><img width=\"150\" height=\"150\" src=\"https:\/\/la-montez.de\/wp-content\/uploads\/2023\/06\/Luana20M.Kopf_-e1695626034260-150x150.jpg\" class=\"attachment-thumbnail size-thumbnail\" alt=\"\" decoding=\"async\" loading=\"lazy\" \/><\/a>\n\t\t\t<\/div><\/figure><figure class='gallery-item'>\n\t\t\t<div class='gallery-icon landscape'>\n\t\t\t\t<a href='https:\/\/la-montez.de\/wp-content\/uploads\/2023\/06\/Luana20M.2.jpg' rel=\"lightbox[gallery-0]\"><img width=\"150\" height=\"150\" src=\"https:\/\/la-montez.de\/wp-content\/uploads\/2023\/06\/Luana20M.2-150x150.jpg\" class=\"attachment-thumbnail size-thumbnail\" alt=\"\" decoding=\"async\" loading=\"lazy\" \/><\/a>\n\t\t\t<\/div><\/figure><figure class='gallery-item'>\n\t\t\t<div class='gallery-icon portrait'>\n\t\t\t\t<a href='https:\/\/la-montez.de\/wp-content\/uploads\/2023\/06\/Luana20M.Kopf1_.jpg' rel=\"lightbox[gallery-0]\"><img width=\"150\" height=\"150\" src=\"https:\/\/la-montez.de\/wp-content\/uploads\/2023\/06\/Luana20M.Kopf1_-150x150.jpg\" class=\"attachment-thumbnail size-thumbnail\" alt=\"\" decoding=\"async\" loading=\"lazy\" srcset=\"https:\/\/la-montez.de\/wp-content\/uploads\/2023\/06\/Luana20M.Kopf1_-150x150.jpg 150w, https:\/\/la-montez.de\/wp-content\/uploads\/2023\/06\/Luana20M.Kopf1_-11x12.jpg 11w\" sizes=\"(max-width: 150px) 100vw, 150px\" \/><\/a>\n\t\t\t<\/div><\/figure><figure class='gallery-item'>\n\t\t\t<div class='gallery-icon landscape'>\n\t\t\t\t<a href='https:\/\/la-montez.de\/wp-content\/uploads\/2023\/06\/Luana20M.1.jpg' rel=\"lightbox[gallery-0]\"><img width=\"150\" height=\"150\" src=\"https:\/\/la-montez.de\/wp-content\/uploads\/2023\/06\/Luana20M.1-150x150.jpg\" class=\"attachment-thumbnail size-thumbnail\" alt=\"\" decoding=\"async\" loading=\"lazy\" \/><\/a>\n\t\t\t<\/div><\/figure><figure class='gallery-item'>\n\t\t\t<div class='gallery-icon landscape'>\n\t\t\t\t<a href='https:\/\/la-montez.de\/wp-content\/uploads\/2023\/06\/Luana20M.5.jpg' rel=\"lightbox[gallery-0]\"><img width=\"150\" height=\"150\" src=\"https:\/\/la-montez.de\/wp-content\/uploads\/2023\/06\/Luana20M.5-150x150.jpg\" class=\"attachment-thumbnail size-thumbnail\" alt=\"\" decoding=\"async\" loading=\"lazy\" srcset=\"https:\/\/la-montez.de\/wp-content\/uploads\/2023\/06\/Luana20M.5-150x150.jpg 150w, https:\/\/la-montez.de\/wp-content\/uploads\/2023\/06\/Luana20M.5-13x12.jpg 13w\" sizes=\"(max-width: 150px) 100vw, 150px\" \/><\/a>\n\t\t\t<\/div><\/figure>\n\t\t<\/div>\n\n<p><img decoding=\"async\" class=\"aligncenter\" src=\"http:\/\/la-montez-papillons.de.w016d93c.kasserver.com\/de\/wp-content\/uploads\/2017\/06\/line.png\" \/><\/p>\n<table class=\"aligncenter\" style=\"height: 575px;\" border=\"1\" width=\"950\">\n<tbody>\n<tr style=\"height: 64px;\">\n<td style=\"height: 256px;\" rowspan=\"4\">\n<h5>Yukatan vom Schwabenhof<\/h5>\n<\/td>\n<td style=\"height: 128px;\" rowspan=\"2\">\n<h5>Gatchaman of Royal Blanche<\/h5>\n<\/td>\n<td style=\"height: 64px;\">\n<h5>Shin Son JP\u00b4s Justice<\/h5>\n<\/td>\n<\/tr>\n<tr style=\"height: 64px;\">\n<td style=\"height: 64px;\">\n<h5>Fire Opal of Princess Fantasy JP<\/h5>\n<\/td>\n<\/tr>\n<tr style=\"height: 64px;\">\n<td style=\"height: 128px;\" rowspan=\"2\">\n<h5>Romina vom Schwabenhof<\/h5>\n<\/td>\n<td style=\"height: 64px;\">\n<h5>Zkarabi\u00b4s Headline<\/h5>\n<\/td>\n<\/tr>\n<tr style=\"height: 64px;\">\n<td style=\"height: 64px;\">\n<h5>Kam\u00e9e vom Schwabenhof<\/h5>\n<\/td>\n<\/tr>\n<tr style=\"height: 64px;\">\n<td style=\"height: 249px;\" rowspan=\"4\">\n<h5>\u00a0Viva La Vita of Zeppo\u00b4s Weim<\/h5>\n<\/td>\n<td style=\"height: 137px;\" rowspan=\"2\">\n<h5>Nightfire\u00b4s Dreaming Stars<\/h5>\n<\/td>\n<td style=\"height: 64px;\">\n<h5>Alex\u00b4Eye of the Tiger<\/h5>\n<\/td>\n<\/tr>\n<tr style=\"height: 73px;\">\n<td style=\"height: 73px;\">\n<h5>Laminero\u00b4s Friederike<\/h5>\n<\/td>\n<\/tr>\n<tr style=\"height: 48px;\">\n<td style=\"height: 112px;\" rowspan=\"2\">\n<h5><\/h5>\n<h5>Quest for Gold of Zeppo\u00b4s Weim<\/h5>\n<p>&nbsp;<\/td>\n<td style=\"height: 48px;\">\n<h5>Goldfinger De Costalina<\/h5>\n<\/td>\n<\/tr>\n<tr style=\"height: 64px;\">\n<td style=\"height: 64px;\">\n<h5>Drama Queen of Zeppo\u00b4s Weim<\/h5>\n<p>&nbsp;<\/td>\n<\/tr>\n<\/tbody>\n<\/table>\n<p>&nbsp;<\/p>","protected":false},"excerpt":{"rendered":"<p>Luana de La Montez Geboren: 12.10.2021 Farbe: schwarz\/wei\u00df Gr\u00f6\u00dfe: 26\u00a0cm PL: frei (2022) PRA: frei (2024) Gentests: PRA1-Tr\u00e4ger, NAD-frei, vWDI-frei, Faktor VII Defizienz-frei, Rheinland-Pfalz Jugendsiegerin Jugendchampion Luxembourg Jugendchampion Deutschland VDH Champion &nbsp; &nbsp; Yukatan vom Schwabenhof Gatchaman of Royal Blanche Shin Son JP\u00b4s Justice Fire Opal of Princess Fantasy JP Romina vom Schwabenhof Zkarabi\u00b4s Headline &#8230; <a title=\"Luana\" class=\"read-more\" href=\"https:\/\/la-montez.de\/en\/luana\/\" aria-label=\"More on Luana\">Read more<\/a><\/p>","protected":false},"author":1,"featured_media":0,"parent":0,"menu_order":0,"comment_status":"closed","ping_status":"closed","template":"","meta":{"_custom_body_class":"","_custom_post_class":""},"_links":{"self":[{"href":"https:\/\/la-montez.de\/en\/wp-json\/wp\/v2\/pages\/1975"}],"collection":[{"href":"https:\/\/la-montez.de\/en\/wp-json\/wp\/v2\/pages"}],"about":[{"href":"https:\/\/la-montez.de\/en\/wp-json\/wp\/v2\/types\/page"}],"author":[{"embeddable":true,"href":"https:\/\/la-montez.de\/en\/wp-json\/wp\/v2\/users\/1"}],"replies":[{"embeddable":true,"href":"https:\/\/la-montez.de\/en\/wp-json\/wp\/v2\/comments?post=1975"}],"version-history":[{"count":6,"href":"https:\/\/la-montez.de\/en\/wp-json\/wp\/v2\/pages\/1975\/revisions"}],"predecessor-version":[{"id":2418,"href":"https:\/\/la-montez.de\/en\/wp-json\/wp\/v2\/pages\/1975\/revisions\/2418"}],"wp:attachment":[{"href":"https:\/\/la-montez.de\/en\/wp-json\/wp\/v2\/media?parent=1975"}],"curies":[{"name":"wp","href":"https:\/\/api.w.org\/{rel}","templated":true}]}}