{"id":2080,"date":"2022-08-31T10:31:30","date_gmt":"2022-08-31T08:31:30","guid":{"rendered":"https:\/\/la-montez.de\/?page_id=2080"},"modified":"2022-09-06T09:28:38","modified_gmt":"2022-09-06T07:28:38","slug":"geenie","status":"publish","type":"page","link":"https:\/\/la-montez.de\/en\/geenie\/","title":{"rendered":"Geenie"},"content":{"rendered":"<h2 style=\"text-align: center;\">Papirunners Va Va Voom<\/h2>\n<p><img decoding=\"async\" loading=\"lazy\" class=\"news_img wp-image-2083 aligncenter\" src=\"https:\/\/la-montez.de\/wp-content\/uploads\/2022\/08\/Geenie-17-1.jpg\" alt=\"\" width=\"534\" height=\"575\" srcset=\"https:\/\/la-montez.de\/wp-content\/uploads\/2022\/08\/Geenie-17-1.jpg 650w, https:\/\/la-montez.de\/wp-content\/uploads\/2022\/08\/Geenie-17-1-279x300.jpg 279w, https:\/\/la-montez.de\/wp-content\/uploads\/2022\/08\/Geenie-17-1-11x12.jpg 11w\" sizes=\"(max-width: 534px) 100vw, 534px\" \/><\/p>\n<p style=\"text-align: center;\"><strong>Miteigent\u00fcmer:<\/strong> Julia Vogler<\/p>\n<p style=\"text-align: center;\"><em style=\"text-align: start;\">Geboren: 23<\/em><em>.03.2021<br \/>\n<\/em><em style=\"text-align: start;\">Farbe: schwarz wei\u00df<\/em><em><br \/>\n<\/em><em style=\"text-align: start;\">Size:\u00a0<\/em>26<em>\u00a0cm<br \/>\nPL: 0\/0 (2022)<br \/>\nPRA:<\/em><em>frei\u00a0 (2022)<br \/>\n<\/em><em>Gentests: PRA1-frei, PRA-PRCD-frei, NAD-frei, vWDI-frei, Faktor VII Defizienz-frei<\/em><\/p>\n<div align=\"center\"><\/div>\n<div align=\"center\"><img decoding=\"async\" loading=\"lazy\" class=\"aligncenter wp-image-81 size-full\" src=\"http:\/\/la-montez-papillons.de.w016d93c.kasserver.com\/de\/wp-content\/uploads\/2017\/06\/line.png\" alt=\"\" width=\"1228\" height=\"80\" srcset=\"https:\/\/la-montez.de\/wp-content\/uploads\/2017\/06\/line.png 1228w, https:\/\/la-montez.de\/wp-content\/uploads\/2017\/06\/line-300x20.png 300w, https:\/\/la-montez.de\/wp-content\/uploads\/2017\/06\/line-768x50.png 768w, https:\/\/la-montez.de\/wp-content\/uploads\/2017\/06\/line-1024x67.png 1024w\" sizes=\"(max-width: 1228px) 100vw, 1228px\" \/><\/div>\n<div align=\"center\">\n<div align=\"center\">\n<h4>German Youth Champion<em style=\"text-align: start;\"><br \/>\n<\/em><span style=\"text-align: start;\">German Youth Champion VDH<br \/>\n<\/span><span style=\"text-align: start;\">Austrian Youth Champion<br \/>\n<\/span><span style=\"text-align: start;\">Luxemburgischer Jugendchampion<\/span><\/h4>\n<p><strong>Luxemburg Champion<\/strong><\/p>\n<\/div>\n<p><img decoding=\"async\" loading=\"lazy\" class=\"aligncenter wp-image-81 size-full\" src=\"http:\/\/la-montez-papillons.de.w016d93c.kasserver.com\/de\/wp-content\/uploads\/2017\/06\/line.png\" alt=\"\" width=\"1228\" height=\"80\" srcset=\"https:\/\/la-montez.de\/wp-content\/uploads\/2017\/06\/line.png 1228w, https:\/\/la-montez.de\/wp-content\/uploads\/2017\/06\/line-300x20.png 300w, https:\/\/la-montez.de\/wp-content\/uploads\/2017\/06\/line-768x50.png 768w, https:\/\/la-montez.de\/wp-content\/uploads\/2017\/06\/line-1024x67.png 1024w\" sizes=\"(max-width: 1228px) 100vw, 1228px\" \/><\/p>\n<\/div>\n<div id='gallery-1' class='gallery galleryid-2080 gallery-columns-4 gallery-size-thumbnail'><figure class='gallery-item'>\n\t\t\t<div class='gallery-icon landscape'>\n\t\t\t\t<a href='https:\/\/la-montez.de\/wp-content\/uploads\/2022\/08\/Geenie-.jpg' rel=\"lightbox[gallery-0]\"><img width=\"150\" height=\"150\" src=\"https:\/\/la-montez.de\/wp-content\/uploads\/2022\/08\/Geenie--150x150.jpg\" class=\"attachment-thumbnail size-thumbnail\" alt=\"\" decoding=\"async\" loading=\"lazy\" aria-describedby=\"gallery-1-2084\" \/><\/a>\n\t\t\t<\/div>\n\t\t\t\t<figcaption class='wp-caption-text gallery-caption' id='gallery-1-2084'>\n\t\t\t\tbinary comment\n\t\t\t\t<\/figcaption><\/figure><figure class='gallery-item'>\n\t\t\t<div class='gallery-icon portrait'>\n\t\t\t\t<a href='https:\/\/la-montez.de\/wp-content\/uploads\/2022\/08\/Geenie-6.jpg' rel=\"lightbox[gallery-0]\"><img width=\"150\" height=\"150\" src=\"https:\/\/la-montez.de\/wp-content\/uploads\/2022\/08\/Geenie-6-150x150.jpg\" class=\"attachment-thumbnail size-thumbnail\" alt=\"\" decoding=\"async\" loading=\"lazy\" aria-describedby=\"gallery-1-2085\" \/><\/a>\n\t\t\t<\/div>\n\t\t\t\t<figcaption class='wp-caption-text gallery-caption' id='gallery-1-2085'>\n\t\t\t\tbinary comment\n\t\t\t\t<\/figcaption><\/figure><figure class='gallery-item'>\n\t\t\t<div class='gallery-icon landscape'>\n\t\t\t\t<a href='https:\/\/la-montez.de\/wp-content\/uploads\/2022\/08\/Geenie-11.jpg' rel=\"lightbox[gallery-0]\"><img width=\"150\" height=\"150\" src=\"https:\/\/la-montez.de\/wp-content\/uploads\/2022\/08\/Geenie-11-150x150.jpg\" class=\"attachment-thumbnail size-thumbnail\" alt=\"\" decoding=\"async\" loading=\"lazy\" aria-describedby=\"gallery-1-2086\" srcset=\"https:\/\/la-montez.de\/wp-content\/uploads\/2022\/08\/Geenie-11-150x150.jpg 150w, https:\/\/la-montez.de\/wp-content\/uploads\/2022\/08\/Geenie-11-13x12.jpg 13w\" sizes=\"(max-width: 150px) 100vw, 150px\" \/><\/a>\n\t\t\t<\/div>\n\t\t\t\t<figcaption class='wp-caption-text gallery-caption' id='gallery-1-2086'>\n\t\t\t\tbinary comment\n\t\t\t\t<\/figcaption><\/figure><figure class='gallery-item'>\n\t\t\t<div class='gallery-icon portrait'>\n\t\t\t\t<a href='https:\/\/la-montez.de\/wp-content\/uploads\/2022\/08\/Geenie-17-2.jpg' rel=\"lightbox[gallery-0]\"><img width=\"150\" height=\"150\" src=\"https:\/\/la-montez.de\/wp-content\/uploads\/2022\/08\/Geenie-17-2-150x150.jpg\" class=\"attachment-thumbnail size-thumbnail\" alt=\"\" decoding=\"async\" loading=\"lazy\" aria-describedby=\"gallery-1-2087\" srcset=\"https:\/\/la-montez.de\/wp-content\/uploads\/2022\/08\/Geenie-17-2-150x150.jpg 150w, https:\/\/la-montez.de\/wp-content\/uploads\/2022\/08\/Geenie-17-2-11x12.jpg 11w\" sizes=\"(max-width: 150px) 100vw, 150px\" \/><\/a>\n\t\t\t<\/div>\n\t\t\t\t<figcaption class='wp-caption-text gallery-caption' id='gallery-1-2087'>\n\t\t\t\tbinary comment\n\t\t\t\t<\/figcaption><\/figure>\n\t\t<\/div>\n\n<div align=\"center\">\n<p><img decoding=\"async\" loading=\"lazy\" class=\"aligncenter wp-image-81 size-full\" src=\"http:\/\/la-montez-papillons.de.w016d93c.kasserver.com\/de\/wp-content\/uploads\/2017\/06\/line.png\" alt=\"\" width=\"1228\" height=\"80\" srcset=\"https:\/\/la-montez.de\/wp-content\/uploads\/2017\/06\/line.png 1228w, https:\/\/la-montez.de\/wp-content\/uploads\/2017\/06\/line-300x20.png 300w, https:\/\/la-montez.de\/wp-content\/uploads\/2017\/06\/line-768x50.png 768w, https:\/\/la-montez.de\/wp-content\/uploads\/2017\/06\/line-1024x67.png 1024w\" sizes=\"(max-width: 1228px) 100vw, 1228px\" \/><\/p>\n<table style=\"border-color: #000000; background-color: #;\" border=\"1\" width=\"650\">\n<tbody>\n<tr style=\"height: 64px;\">\n<td style=\"height: 256px;\" rowspan=\"4\">\n<h5><strong>Mi\u00b4DiLiva\u00b4s A Thousand Years<\/strong><\/h5>\n<\/td>\n<td style=\"height: 128px;\" rowspan=\"2\">\n<h5><strong>Glenrien SantediegoSunshoo<\/strong><\/h5>\n<\/td>\n<td style=\"height: 64px;\">\n<h5><strong>Glenrien Nikolia Mania Sunhoo<\/strong><\/h5>\n<\/td>\n<\/tr>\n<tr style=\"height: 64px;\">\n<td style=\"height: 64px;\">\n<h5><strong>Glenrien Latin Kisses\u00a0<\/strong><\/h5>\n<\/td>\n<\/tr>\n<tr style=\"height: 64px;\">\n<td style=\"height: 128px;\" rowspan=\"2\">\n<h5><strong>Nightfire\u00b4s Expect The Best<\/strong><\/h5>\n<\/td>\n<td style=\"height: 64px;\">\n<h5><strong>Silenzio\u00b4s Frazer<\/strong><\/h5>\n<\/td>\n<\/tr>\n<tr style=\"height: 64px;\">\n<td style=\"height: 64px;\">\n<h5><strong>Laminero\u00b4s Jolanda<\/strong><\/h5>\n<\/td>\n<\/tr>\n<tr style=\"height: 64px;\">\n<td style=\"height: 256px;\" rowspan=\"4\">\n<h5><strong>Papirunners Qualifying Beauty<\/strong><\/h5>\n<\/td>\n<td style=\"height: 128px;\" rowspan=\"2\">\n<h5><strong>Inkies Late Night\u00a0<\/strong><\/h5>\n<\/td>\n<td style=\"height: 64px;\">\n<h5><strong>Denemore Nobel Perfektion<\/strong><\/h5>\n<\/td>\n<\/tr>\n<tr style=\"height: 64px;\">\n<td style=\"height: 64px;\">\n<h5><strong>Inkies Victorian Lace<\/strong><\/h5>\n<\/td>\n<\/tr>\n<tr style=\"height: 64px;\">\n<td style=\"height: 128px;\" rowspan=\"2\">\n<h5><strong>Kleiner Harlekin Honky Tonk Woman<\/strong><\/h5>\n<\/td>\n<td style=\"height: 64px;\">\n<h5><strong>Gringo de Costalina<\/strong><\/h5>\n<\/td>\n<\/tr>\n<tr style=\"height: 64px;\">\n<td style=\"height: 64px;\">\n<h5><strong>Zula vom Mondfleck<\/strong><\/h5>\n<\/td>\n<\/tr>\n<\/tbody>\n<\/table>\n<\/div>","protected":false},"excerpt":{"rendered":"<p>Papirunners Va Va Voom Miteigent\u00fcmer: Julia Vogler Geboren: 23.03.2021 Farbe: schwarz wei\u00df Gr\u00f6\u00dfe:\u00a026\u00a0cm PL: 0\/0 (2022) PRA:frei\u00a0 (2022) Gentests: PRA1-frei, PRA-PRCD-frei, NAD-frei, vWDI-frei, Faktor VII Defizienz-frei Deutscher Jugendchampion VK Deutscher Jugendchampion VDH \u00d6sterreichischer Jugendchampion Luxemburgischer Jugendchampion Luxemburg Champion Mi\u00b4DiLiva\u00b4s A Thousand Years Glenrien SantediegoSunshoo Glenrien Nikolia Mania Sunhoo Glenrien Latin Kisses\u00a0 Nightfire\u00b4s Expect The Best &#8230; <a title=\"Geenie\" class=\"read-more\" href=\"https:\/\/la-montez.de\/en\/geenie\/\" aria-label=\"More on Geenie\">Read more<\/a><\/p>","protected":false},"author":1,"featured_media":0,"parent":0,"menu_order":0,"comment_status":"closed","ping_status":"closed","template":"","meta":{"_custom_body_class":"","_custom_post_class":""},"_links":{"self":[{"href":"https:\/\/la-montez.de\/en\/wp-json\/wp\/v2\/pages\/2080"}],"collection":[{"href":"https:\/\/la-montez.de\/en\/wp-json\/wp\/v2\/pages"}],"about":[{"href":"https:\/\/la-montez.de\/en\/wp-json\/wp\/v2\/types\/page"}],"author":[{"embeddable":true,"href":"https:\/\/la-montez.de\/en\/wp-json\/wp\/v2\/users\/1"}],"replies":[{"embeddable":true,"href":"https:\/\/la-montez.de\/en\/wp-json\/wp\/v2\/comments?post=2080"}],"version-history":[{"count":5,"href":"https:\/\/la-montez.de\/en\/wp-json\/wp\/v2\/pages\/2080\/revisions"}],"predecessor-version":[{"id":2100,"href":"https:\/\/la-montez.de\/en\/wp-json\/wp\/v2\/pages\/2080\/revisions\/2100"}],"wp:attachment":[{"href":"https:\/\/la-montez.de\/en\/wp-json\/wp\/v2\/media?parent=2080"}],"curies":[{"name":"wp","href":"https:\/\/api.w.org\/{rel}","templated":true}]}}