{"id":39,"date":"2017-06-27T14:55:30","date_gmt":"2017-06-27T12:55:30","guid":{"rendered":"http:\/\/la-montez-papillons.de.w016d93c.kasserver.com\/de\/?page_id=39"},"modified":"2025-09-01T13:45:22","modified_gmt":"2025-09-01T11:45:22","slug":"aktuelles","status":"publish","type":"page","link":"https:\/\/la-montez.de\/en\/aktuelles\/","title":{"rendered":"News"},"content":{"rendered":"<h3><\/h3>\n<h3 style=\"text-align: center;\">July till September<\/h3>\n<p>&nbsp;<\/p>\n<p style=\"text-align: center;\">Unser N- Wurf hat am 24.08 das Licht der Welt erblickt<\/p>\n<p style=\"text-align: center;\">Mehr Bilder und Infos auf unserer Welpenseite.<\/p>\n<p style=\"text-align: center;\"><img decoding=\"async\" loading=\"lazy\" class=\"alignnone  wp-image-2426\" src=\"https:\/\/la-montez.de\/wp-content\/uploads\/2025\/09\/N-Wurf1Woche.jpg\" alt=\"\" width=\"638\" height=\"655\" srcset=\"https:\/\/la-montez.de\/wp-content\/uploads\/2025\/09\/N-Wurf1Woche.jpg 1836w, https:\/\/la-montez.de\/wp-content\/uploads\/2025\/09\/N-Wurf1Woche-292x300.jpg 292w, https:\/\/la-montez.de\/wp-content\/uploads\/2025\/09\/N-Wurf1Woche-682x700.jpg 682w, https:\/\/la-montez.de\/wp-content\/uploads\/2025\/09\/N-Wurf1Woche-768x788.jpg 768w, https:\/\/la-montez.de\/wp-content\/uploads\/2025\/09\/N-Wurf1Woche-1497x1536.jpg 1497w, https:\/\/la-montez.de\/wp-content\/uploads\/2025\/09\/N-Wurf1Woche-12x12.jpg 12w\" sizes=\"(max-width: 638px) 100vw, 638px\" \/><\/p>\n<h3><img decoding=\"async\" class=\"aligncenter\" style=\"font-size: 16px;\" src=\"http:\/\/la-montez-papillons.de\/de\/wp-content\/uploads\/2017\/06\/line.png\" \/><\/h3>\n<h3 style=\"text-align: center;\">Januar bis Juni<\/h3>\n<p>&nbsp;<\/p>\n<p style=\"text-align: center;\">Ich bin super stolz auf unseren Kenai aka Pepino und Frauchen nat\u00fcrlich, die in kurzer Zeit die Begleithunde Pr\u00fcfung abgelegt haben und schon 1 Woche sp\u00e4ter auf ihrem ersten Agility Turnier gestartet sind.<\/p>\n<p style=\"text-align: center;\">Es waren zwei Tage und beide Tage holte er mit 0 Fehlern den 1 Platz!<\/p>\n<div id='gallery-1' class='gallery galleryid-39 gallery-columns-2 gallery-size-full'><figure class='gallery-item'>\n\t\t\t<div class='gallery-icon landscape'>\n\t\t\t\t<a href='https:\/\/la-montez.de\/wp-content\/uploads\/2025\/07\/Kenai3J.jpg' rel=\"lightbox[gallery-0]\"><img width=\"1381\" height=\"1381\" src=\"https:\/\/la-montez.de\/wp-content\/uploads\/2025\/07\/Kenai3J.jpg\" class=\"attachment-full size-full\" alt=\"\" decoding=\"async\" loading=\"lazy\" srcset=\"https:\/\/la-montez.de\/wp-content\/uploads\/2025\/07\/Kenai3J.jpg 1381w, https:\/\/la-montez.de\/wp-content\/uploads\/2025\/07\/Kenai3J-300x300.jpg 300w, https:\/\/la-montez.de\/wp-content\/uploads\/2025\/07\/Kenai3J-700x700.jpg 700w, https:\/\/la-montez.de\/wp-content\/uploads\/2025\/07\/Kenai3J-150x150.jpg 150w, https:\/\/la-montez.de\/wp-content\/uploads\/2025\/07\/Kenai3J-768x768.jpg 768w, https:\/\/la-montez.de\/wp-content\/uploads\/2025\/07\/Kenai3J-12x12.jpg 12w\" sizes=\"(max-width: 1381px) 100vw, 1381px\" \/><\/a>\n\t\t\t<\/div><\/figure><figure class='gallery-item'>\n\t\t\t<div class='gallery-icon landscape'>\n\t\t\t\t<a href='https:\/\/la-montez.de\/wp-content\/uploads\/2025\/07\/Kenai3J1.jpg' rel=\"lightbox[gallery-0]\"><img width=\"1249\" height=\"1249\" src=\"https:\/\/la-montez.de\/wp-content\/uploads\/2025\/07\/Kenai3J1.jpg\" class=\"attachment-full size-full\" alt=\"\" decoding=\"async\" loading=\"lazy\" srcset=\"https:\/\/la-montez.de\/wp-content\/uploads\/2025\/07\/Kenai3J1.jpg 1249w, https:\/\/la-montez.de\/wp-content\/uploads\/2025\/07\/Kenai3J1-300x300.jpg 300w, https:\/\/la-montez.de\/wp-content\/uploads\/2025\/07\/Kenai3J1-700x700.jpg 700w, https:\/\/la-montez.de\/wp-content\/uploads\/2025\/07\/Kenai3J1-150x150.jpg 150w, https:\/\/la-montez.de\/wp-content\/uploads\/2025\/07\/Kenai3J1-768x768.jpg 768w, https:\/\/la-montez.de\/wp-content\/uploads\/2025\/07\/Kenai3J1-12x12.jpg 12w\" sizes=\"(max-width: 1249px) 100vw, 1249px\" \/><\/a>\n\t\t\t<\/div><\/figure><figure class='gallery-item'>\n\t\t\t<div class='gallery-icon landscape'>\n\t\t\t\t<a href='https:\/\/la-montez.de\/wp-content\/uploads\/2025\/07\/Kenai3J2.jpg' rel=\"lightbox[gallery-0]\"><img width=\"1433\" height=\"805\" src=\"https:\/\/la-montez.de\/wp-content\/uploads\/2025\/07\/Kenai3J2.jpg\" class=\"attachment-full size-full\" alt=\"\" decoding=\"async\" loading=\"lazy\" srcset=\"https:\/\/la-montez.de\/wp-content\/uploads\/2025\/07\/Kenai3J2.jpg 1433w, https:\/\/la-montez.de\/wp-content\/uploads\/2025\/07\/Kenai3J2-300x169.jpg 300w, https:\/\/la-montez.de\/wp-content\/uploads\/2025\/07\/Kenai3J2-800x449.jpg 800w, https:\/\/la-montez.de\/wp-content\/uploads\/2025\/07\/Kenai3J2-768x431.jpg 768w, https:\/\/la-montez.de\/wp-content\/uploads\/2025\/07\/Kenai3J2-18x10.jpg 18w\" sizes=\"(max-width: 1433px) 100vw, 1433px\" \/><\/a>\n\t\t\t<\/div><\/figure>\n\t\t<\/div>\n\n<h3><img decoding=\"async\" class=\"aligncenter\" style=\"font-size: 16px;\" src=\"http:\/\/la-montez-papillons.de\/de\/wp-content\/uploads\/2017\/06\/line.png\" \/><\/h3>\n<p style=\"text-align: center;\">Urlaub Urlaub Urlaub<br \/>\nUnser erster Familien Hunde Urlaub seit 3 Jahren wieder.<br \/>\nDie Ostsee war unser Ziel und was soll ich sagen, es war wie immer zu kurz.<\/p>\n<div id='gallery-2' class='gallery galleryid-39 gallery-columns-4 gallery-size-thumbnail'><figure class='gallery-item'>\n\t\t\t<div class='gallery-icon landscape'>\n\t\t\t\t<a href='https:\/\/la-montez.de\/wp-content\/uploads\/2025\/07\/Urlaub2025.Ostsee1.jpg' rel=\"lightbox[gallery-0]\"><img width=\"150\" height=\"150\" src=\"https:\/\/la-montez.de\/wp-content\/uploads\/2025\/07\/Urlaub2025.Ostsee1-150x150.jpg\" class=\"attachment-thumbnail size-thumbnail\" alt=\"\" decoding=\"async\" loading=\"lazy\" srcset=\"https:\/\/la-montez.de\/wp-content\/uploads\/2025\/07\/Urlaub2025.Ostsee1-150x150.jpg 150w, https:\/\/la-montez.de\/wp-content\/uploads\/2025\/07\/Urlaub2025.Ostsee1-12x12.jpg 12w\" sizes=\"(max-width: 150px) 100vw, 150px\" \/><\/a>\n\t\t\t<\/div><\/figure><figure class='gallery-item'>\n\t\t\t<div class='gallery-icon portrait'>\n\t\t\t\t<a href='https:\/\/la-montez.de\/wp-content\/uploads\/2025\/07\/Urlaub2025.Ostsee2.jpg' rel=\"lightbox[gallery-0]\"><img width=\"150\" height=\"150\" src=\"https:\/\/la-montez.de\/wp-content\/uploads\/2025\/07\/Urlaub2025.Ostsee2-150x150.jpg\" class=\"attachment-thumbnail size-thumbnail\" alt=\"\" decoding=\"async\" loading=\"lazy\" srcset=\"https:\/\/la-montez.de\/wp-content\/uploads\/2025\/07\/Urlaub2025.Ostsee2-150x150.jpg 150w, https:\/\/la-montez.de\/wp-content\/uploads\/2025\/07\/Urlaub2025.Ostsee2-11x12.jpg 11w\" sizes=\"(max-width: 150px) 100vw, 150px\" \/><\/a>\n\t\t\t<\/div><\/figure><figure class='gallery-item'>\n\t\t\t<div class='gallery-icon landscape'>\n\t\t\t\t<a href='https:\/\/la-montez.de\/wp-content\/uploads\/2025\/07\/Urlaub2025.Ostsee3.jpg' rel=\"lightbox[gallery-0]\"><img width=\"150\" height=\"150\" src=\"https:\/\/la-montez.de\/wp-content\/uploads\/2025\/07\/Urlaub2025.Ostsee3-150x150.jpg\" class=\"attachment-thumbnail size-thumbnail\" alt=\"\" decoding=\"async\" loading=\"lazy\" \/><\/a>\n\t\t\t<\/div><\/figure><figure class='gallery-item'>\n\t\t\t<div class='gallery-icon portrait'>\n\t\t\t\t<a href='https:\/\/la-montez.de\/wp-content\/uploads\/2025\/07\/Urlaub2025.Ostsee4.jpg' rel=\"lightbox[gallery-0]\"><img width=\"150\" height=\"150\" src=\"https:\/\/la-montez.de\/wp-content\/uploads\/2025\/07\/Urlaub2025.Ostsee4-150x150.jpg\" class=\"attachment-thumbnail size-thumbnail\" alt=\"\" decoding=\"async\" loading=\"lazy\" srcset=\"https:\/\/la-montez.de\/wp-content\/uploads\/2025\/07\/Urlaub2025.Ostsee4-150x150.jpg 150w, https:\/\/la-montez.de\/wp-content\/uploads\/2025\/07\/Urlaub2025.Ostsee4-11x12.jpg 11w\" sizes=\"(max-width: 150px) 100vw, 150px\" \/><\/a>\n\t\t\t<\/div><\/figure><figure class='gallery-item'>\n\t\t\t<div class='gallery-icon portrait'>\n\t\t\t\t<a href='https:\/\/la-montez.de\/wp-content\/uploads\/2025\/07\/Urlaub2025.Ostsee5.jpg' rel=\"lightbox[gallery-0]\"><img width=\"150\" height=\"150\" src=\"https:\/\/la-montez.de\/wp-content\/uploads\/2025\/07\/Urlaub2025.Ostsee5-150x150.jpg\" class=\"attachment-thumbnail size-thumbnail\" alt=\"\" decoding=\"async\" loading=\"lazy\" \/><\/a>\n\t\t\t<\/div><\/figure><figure class='gallery-item'>\n\t\t\t<div class='gallery-icon landscape'>\n\t\t\t\t<a href='https:\/\/la-montez.de\/wp-content\/uploads\/2025\/07\/Urlaub2025.Ostsee6.jpg' rel=\"lightbox[gallery-0]\"><img width=\"150\" height=\"150\" src=\"https:\/\/la-montez.de\/wp-content\/uploads\/2025\/07\/Urlaub2025.Ostsee6-150x150.jpg\" class=\"attachment-thumbnail size-thumbnail\" alt=\"\" decoding=\"async\" loading=\"lazy\" srcset=\"https:\/\/la-montez.de\/wp-content\/uploads\/2025\/07\/Urlaub2025.Ostsee6-150x150.jpg 150w, https:\/\/la-montez.de\/wp-content\/uploads\/2025\/07\/Urlaub2025.Ostsee6-12x12.jpg 12w\" sizes=\"(max-width: 150px) 100vw, 150px\" \/><\/a>\n\t\t\t<\/div><\/figure><figure class='gallery-item'>\n\t\t\t<div class='gallery-icon portrait'>\n\t\t\t\t<a href='https:\/\/la-montez.de\/wp-content\/uploads\/2025\/07\/Urlaub2025.Ostsee7.jpg' rel=\"lightbox[gallery-0]\"><img width=\"150\" height=\"150\" src=\"https:\/\/la-montez.de\/wp-content\/uploads\/2025\/07\/Urlaub2025.Ostsee7-150x150.jpg\" class=\"attachment-thumbnail size-thumbnail\" alt=\"\" decoding=\"async\" loading=\"lazy\" \/><\/a>\n\t\t\t<\/div><\/figure><figure class='gallery-item'>\n\t\t\t<div class='gallery-icon portrait'>\n\t\t\t\t<a href='https:\/\/la-montez.de\/wp-content\/uploads\/2025\/07\/Urlaub2025.Ostsee8.jpg' rel=\"lightbox[gallery-0]\"><img width=\"150\" height=\"150\" src=\"https:\/\/la-montez.de\/wp-content\/uploads\/2025\/07\/Urlaub2025.Ostsee8-150x150.jpg\" class=\"attachment-thumbnail size-thumbnail\" alt=\"\" decoding=\"async\" loading=\"lazy\" srcset=\"https:\/\/la-montez.de\/wp-content\/uploads\/2025\/07\/Urlaub2025.Ostsee8-150x150.jpg 150w, https:\/\/la-montez.de\/wp-content\/uploads\/2025\/07\/Urlaub2025.Ostsee8-11x12.jpg 11w\" sizes=\"(max-width: 150px) 100vw, 150px\" \/><\/a>\n\t\t\t<\/div><\/figure>\n\t\t<\/div>\n\n<h3><img decoding=\"async\" class=\"aligncenter\" style=\"font-size: 16px;\" src=\"http:\/\/la-montez-papillons.de\/de\/wp-content\/uploads\/2017\/06\/line.png\" \/><\/h3>\n<p>&nbsp;<\/p>\n<p style=\"text-align: center;\">Der Fr\u00fchling ist eingel\u00e4utet von meinen zwei M\u00e4dels<\/p>\n<div id='gallery-3' class='gallery galleryid-39 gallery-columns-2 gallery-size-full'><figure class='gallery-item'>\n\t\t\t<div class='gallery-icon landscape'>\n\t\t\t\t<a href='https:\/\/la-montez.de\/wp-content\/uploads\/2025\/04\/JunaLulu1-rotated-e1745396387261.jpg' rel=\"lightbox[gallery-0]\"><img width=\"1306\" height=\"1136\" src=\"https:\/\/la-montez.de\/wp-content\/uploads\/2025\/04\/JunaLulu1-rotated-e1745396387261.jpg\" class=\"attachment-full size-full\" alt=\"\" decoding=\"async\" loading=\"lazy\" srcset=\"https:\/\/la-montez.de\/wp-content\/uploads\/2025\/04\/JunaLulu1-rotated-e1745396387261.jpg 1306w, https:\/\/la-montez.de\/wp-content\/uploads\/2025\/04\/JunaLulu1-rotated-e1745396387261-300x261.jpg 300w, https:\/\/la-montez.de\/wp-content\/uploads\/2025\/04\/JunaLulu1-rotated-e1745396387261-800x696.jpg 800w, https:\/\/la-montez.de\/wp-content\/uploads\/2025\/04\/JunaLulu1-rotated-e1745396387261-768x668.jpg 768w, https:\/\/la-montez.de\/wp-content\/uploads\/2025\/04\/JunaLulu1-rotated-e1745396387261-14x12.jpg 14w\" sizes=\"(max-width: 1306px) 100vw, 1306px\" \/><\/a>\n\t\t\t<\/div><\/figure><figure class='gallery-item'>\n\t\t\t<div class='gallery-icon portrait'>\n\t\t\t\t<a href='https:\/\/la-montez.de\/wp-content\/uploads\/2025\/04\/JunaLulu-e1745396365678.jpg' rel=\"lightbox[gallery-0]\"><img width=\"1089\" height=\"1113\" src=\"https:\/\/la-montez.de\/wp-content\/uploads\/2025\/04\/JunaLulu-e1745396365678.jpg\" class=\"attachment-full size-full\" alt=\"\" decoding=\"async\" loading=\"lazy\" srcset=\"https:\/\/la-montez.de\/wp-content\/uploads\/2025\/04\/JunaLulu-e1745396365678.jpg 1089w, https:\/\/la-montez.de\/wp-content\/uploads\/2025\/04\/JunaLulu-e1745396365678-294x300.jpg 294w, https:\/\/la-montez.de\/wp-content\/uploads\/2025\/04\/JunaLulu-e1745396365678-685x700.jpg 685w, https:\/\/la-montez.de\/wp-content\/uploads\/2025\/04\/JunaLulu-e1745396365678-768x785.jpg 768w, https:\/\/la-montez.de\/wp-content\/uploads\/2025\/04\/JunaLulu-e1745396365678-12x12.jpg 12w\" sizes=\"(max-width: 1089px) 100vw, 1089px\" \/><\/a>\n\t\t\t<\/div><\/figure>\n\t\t<\/div>\n\n<h3><img decoding=\"async\" class=\"aligncenter\" style=\"font-size: 16px;\" src=\"http:\/\/la-montez-papillons.de\/de\/wp-content\/uploads\/2017\/06\/line.png\" \/><\/h3>\n<p style=\"text-align: center;\">Viele Bilder sind in letzter Zeit eingetrudelt, da ich die Homepage sehr vernachl\u00e4ssigt habe, hier nun leider nur ein paar davon.<\/p>\n<div id='gallery-4' class='gallery galleryid-39 gallery-columns-3 gallery-size-thumbnail'><figure class='gallery-item'>\n\t\t\t<div class='gallery-icon portrait'>\n\t\t\t\t<a href='https:\/\/la-montez.de\/wp-content\/uploads\/2025\/04\/Gigolo.jpg' rel=\"lightbox[gallery-0]\"><img width=\"150\" height=\"150\" src=\"https:\/\/la-montez.de\/wp-content\/uploads\/2025\/04\/Gigolo-150x150.jpg\" class=\"attachment-thumbnail size-thumbnail\" alt=\"\" decoding=\"async\" loading=\"lazy\" \/><\/a>\n\t\t\t<\/div><\/figure><figure class='gallery-item'>\n\t\t\t<div class='gallery-icon portrait'>\n\t\t\t\t<a href='https:\/\/la-montez.de\/wp-content\/uploads\/2025\/04\/Juno.jpg' rel=\"lightbox[gallery-0]\"><img width=\"150\" height=\"150\" src=\"https:\/\/la-montez.de\/wp-content\/uploads\/2025\/04\/Juno-150x150.jpg\" class=\"attachment-thumbnail size-thumbnail\" alt=\"\" decoding=\"async\" loading=\"lazy\" \/><\/a>\n\t\t\t<\/div><\/figure><figure class='gallery-item'>\n\t\t\t<div class='gallery-icon portrait'>\n\t\t\t\t<a href='https:\/\/la-montez.de\/wp-content\/uploads\/2025\/04\/Malfoy.jpg' rel=\"lightbox[gallery-0]\"><img width=\"150\" height=\"150\" src=\"https:\/\/la-montez.de\/wp-content\/uploads\/2025\/04\/Malfoy-150x150.jpg\" class=\"attachment-thumbnail size-thumbnail\" alt=\"\" decoding=\"async\" loading=\"lazy\" \/><\/a>\n\t\t\t<\/div><\/figure><figure class='gallery-item'>\n\t\t\t<div class='gallery-icon portrait'>\n\t\t\t\t<a href='https:\/\/la-montez.de\/wp-content\/uploads\/2025\/04\/Pepino.jpg' rel=\"lightbox[gallery-0]\"><img width=\"150\" height=\"150\" src=\"https:\/\/la-montez.de\/wp-content\/uploads\/2025\/04\/Pepino-150x150.jpg\" class=\"attachment-thumbnail size-thumbnail\" alt=\"\" decoding=\"async\" loading=\"lazy\" srcset=\"https:\/\/la-montez.de\/wp-content\/uploads\/2025\/04\/Pepino-150x150.jpg 150w, https:\/\/la-montez.de\/wp-content\/uploads\/2025\/04\/Pepino-11x12.jpg 11w\" sizes=\"(max-width: 150px) 100vw, 150px\" \/><\/a>\n\t\t\t<\/div><\/figure><figure class='gallery-item'>\n\t\t\t<div class='gallery-icon portrait'>\n\t\t\t\t<a href='https:\/\/la-montez.de\/wp-content\/uploads\/2025\/04\/Pepino1.jpg' rel=\"lightbox[gallery-0]\"><img width=\"150\" height=\"150\" src=\"https:\/\/la-montez.de\/wp-content\/uploads\/2025\/04\/Pepino1-150x150.jpg\" class=\"attachment-thumbnail size-thumbnail\" alt=\"\" decoding=\"async\" loading=\"lazy\" \/><\/a>\n\t\t\t<\/div><\/figure><figure class='gallery-item'>\n\t\t\t<div class='gallery-icon portrait'>\n\t\t\t\t<a href='https:\/\/la-montez.de\/wp-content\/uploads\/2025\/04\/Pepino2.jpg' rel=\"lightbox[gallery-0]\"><img width=\"150\" height=\"150\" src=\"https:\/\/la-montez.de\/wp-content\/uploads\/2025\/04\/Pepino2-150x150.jpg\" class=\"attachment-thumbnail size-thumbnail\" alt=\"\" decoding=\"async\" loading=\"lazy\" \/><\/a>\n\t\t\t<\/div><\/figure>\n\t\t<\/div>\n\n<h3><img decoding=\"async\" src=\"http:\/\/la-montez-papillons.de\/de\/wp-content\/uploads\/2017\/06\/line.png\" \/><\/h3>\n<p style=\"text-align: center;\">Die n\u00e4chsten Welpen waren geplant f\u00fcr M\u00e4rz aber Mutter Natur hatte wohl andere Pl\u00e4ne.<\/p>\n<p style=\"text-align: center;\">Nun werden wir f\u00fcr den n\u00e4chsten Versuch erstmal unseren eigenen R\u00fcden nutzen und hoffen auf Welpen von Luana und Jazz im Sommer.<\/p>\n<h3><img decoding=\"async\" class=\"aligncenter\" style=\"font-size: 16px;\" src=\"http:\/\/la-montez-papillons.de\/de\/wp-content\/uploads\/2017\/06\/line.png\" \/><\/h3>\n<p>&nbsp;<\/p>","protected":false},"excerpt":{"rendered":"<p>Juli bis September &nbsp; Unser N- Wurf hat am 24.08 das Licht der Welt erblickt Mehr Bilder und Infos auf unserer Welpenseite. Januar bis Juni &nbsp; Ich bin super stolz auf unseren Kenai aka Pepino und Frauchen nat\u00fcrlich, die in kurzer Zeit die Begleithunde Pr\u00fcfung abgelegt haben und schon 1 Woche sp\u00e4ter auf ihrem ersten &#8230; <a title=\"News\" class=\"read-more\" href=\"https:\/\/la-montez.de\/en\/aktuelles\/\" aria-label=\"More on Aktuelles\">Read more<\/a><\/p>","protected":false},"author":1,"featured_media":0,"parent":0,"menu_order":0,"comment_status":"closed","ping_status":"closed","template":"","meta":{"_custom_body_class":"","_custom_post_class":""},"_links":{"self":[{"href":"https:\/\/la-montez.de\/en\/wp-json\/wp\/v2\/pages\/39"}],"collection":[{"href":"https:\/\/la-montez.de\/en\/wp-json\/wp\/v2\/pages"}],"about":[{"href":"https:\/\/la-montez.de\/en\/wp-json\/wp\/v2\/types\/page"}],"author":[{"embeddable":true,"href":"https:\/\/la-montez.de\/en\/wp-json\/wp\/v2\/users\/1"}],"replies":[{"embeddable":true,"href":"https:\/\/la-montez.de\/en\/wp-json\/wp\/v2\/comments?post=39"}],"version-history":[{"count":179,"href":"https:\/\/la-montez.de\/en\/wp-json\/wp\/v2\/pages\/39\/revisions"}],"predecessor-version":[{"id":2427,"href":"https:\/\/la-montez.de\/en\/wp-json\/wp\/v2\/pages\/39\/revisions\/2427"}],"wp:attachment":[{"href":"https:\/\/la-montez.de\/en\/wp-json\/wp\/v2\/media?parent=39"}],"curies":[{"name":"wp","href":"https:\/\/api.w.org\/{rel}","templated":true}]}}