{"id":47,"date":"2017-06-27T14:56:08","date_gmt":"2017-06-27T12:56:08","guid":{"rendered":"http:\/\/la-montez-papillons.de.w016d93c.kasserver.com\/de\/?page_id=47"},"modified":"2024-07-18T22:23:02","modified_gmt":"2024-07-18T20:23:02","slug":"regenbogenbruecke","status":"publish","type":"page","link":"https:\/\/la-montez.de\/en\/regenbogenbruecke\/","title":{"rendered":"Rainbowbridge"},"content":{"rendered":"<div align=\"center\">\n<h5><img decoding=\"async\" loading=\"lazy\" class=\"size-full wp-image-166 aligncenter\" src=\"http:\/\/la-montez-papillons.de.w016d93c.kasserver.com\/de\/wp-content\/uploads\/2017\/06\/regenbogenbruecke.jpg\" alt=\"\" width=\"420\" height=\"320\" srcset=\"https:\/\/la-montez.de\/wp-content\/uploads\/2017\/06\/regenbogenbruecke.jpg 420w, https:\/\/la-montez.de\/wp-content\/uploads\/2017\/06\/regenbogenbruecke-300x229.jpg 300w\" sizes=\"(max-width: 420px) 100vw, 420px\" \/><\/h5>\n<h5 style=\"text-align: center;\"><em><span class=\"auto-style2\">Eine Br\u00fccke verbindet den Himmel und die Erde.<br \/>\nWegen der vielen Farben nennt man sie die Br\u00fccke<br \/>\ndes Regenbogens.<\/span>Auf jener Seite der Br\u00fccke liegt ein Land mit Wiesen,<\/em><\/h5>\n<h5 style=\"text-align: center;\"><em> H\u00fcgeln und saftigen, gr\u00fcnen Gras.Wenn ein geliebtes Tier auf der Erde f\u00fcr immer eingeschlafen ist,<\/em><\/h5>\n<h5 style=\"text-align: center;\"><em> geht es zu diesem wundersch\u00f6nen Ort.<\/em><\/h5>\n<h5 style=\"text-align: center;\"><em> Dort gibt es immer was zu fressen und zu trinken,<\/em><\/h5>\n<h5 style=\"text-align: center;\"><em> und es ist warmes, sch\u00f6nes Fr\u00fchlingswetter.<\/em><\/h5>\n<h5 style=\"text-align: center;\"><em> Die alten und kranken Tiere sind wieder jung und gesund.<\/em><\/h5>\n<h5 style=\"text-align: center;\"><em> Sie spielen den ganzen Tag zusammen.<\/em><\/h5>\n<h5 style=\"text-align: center;\"><em>Es gibt nur eine Sache, die sie vermissen.<\/em><br \/>\n<em> Sie sind nicht mit ihren Menschen zusammen,<\/em><br \/>\n<em> die sie auf Erden so geliebt haben.<\/em><\/h5>\n<h5 style=\"text-align: center;\"><em>So rennen und spielen sie jeden Tag zusammen,<\/em><br \/>\n<em> bis eines Tages pl\u00f6tzlich eines von ihnen inneh\u00e4lt und aufsieht.<\/em><br \/>\n<em> Die Nase bebt, die Ohren stellen sich auf, und die Augen werden<\/em><br \/>\n<em> ganz gro\u00df! Pl\u00f6tzlich rennt es aus der Gruppe heraus und fliegt<\/em><br \/>\n<em> \u00fcber das gr\u00fcne Gras. Die F\u00fc\u00dfe tragen es schneller und schneller.<\/em><\/h5>\n<h5 style=\"text-align: center;\"><em>Es hat dich gesehen.<\/em><\/h5>\n<h5 style=\"text-align: center;\"><em>Und wenn du und dein spezieller Freund sich treffen,<\/em><br \/>\n<em> nimmst du ihn in deine Arme und h\u00e4ltst ihn fest.<\/em><br \/>\n<em> Dein Gesicht wird gek\u00fcsst, wieder und wieder,<\/em><br \/>\n<em> und du schaust endlich gl\u00fccklich in die Augen deines geliebten Tieres,<\/em><br \/>\n<em> das solange aus deinem Leben verschwunden war,<\/em><br \/>\n<em> aber nie aus deinem Herzen.<\/em><\/h5>\n<h5 style=\"text-align: center;\"><em>Dann \u00fcberschreitet ihr gemeinsam die Br\u00fccke des Regenbogens,<\/em><br \/>\n<em> und ihr werdet nie wieder getrennt sein&#8230;<\/em><\/h5>\n<p style=\"text-align: center;\"><img decoding=\"async\" loading=\"lazy\" class=\"alignnone size-full wp-image-81\" src=\"http:\/\/la-montez-papillons.de.w016d93c.kasserver.com\/de\/wp-content\/uploads\/2017\/06\/line.png\" alt=\"\" width=\"1228\" height=\"80\" srcset=\"https:\/\/la-montez.de\/wp-content\/uploads\/2017\/06\/line.png 1228w, https:\/\/la-montez.de\/wp-content\/uploads\/2017\/06\/line-300x20.png 300w, https:\/\/la-montez.de\/wp-content\/uploads\/2017\/06\/line-768x50.png 768w, https:\/\/la-montez.de\/wp-content\/uploads\/2017\/06\/line-1024x67.png 1024w\" sizes=\"(max-width: 1228px) 100vw, 1228px\" \/><\/p>\n<p style=\"text-align: center;\"><img decoding=\"async\" loading=\"lazy\" class=\"news_img aligncenter wp-image-165 size-full\" src=\"http:\/\/la-montez-papillons.de.w016d93c.kasserver.com\/de\/wp-content\/uploads\/2017\/06\/regenbogen.jpg\" alt=\"\" width=\"375\" height=\"246\" srcset=\"https:\/\/la-montez.de\/wp-content\/uploads\/2017\/06\/regenbogen.jpg 375w, https:\/\/la-montez.de\/wp-content\/uploads\/2017\/06\/regenbogen-300x197.jpg 300w\" sizes=\"(max-width: 375px) 100vw, 375px\" \/><\/p>\n<h2 style=\"text-align: center;\">Gismo<br \/>\n&#8220;Wictor de Pompadour&#8221;<\/h2>\n<h5 style=\"text-align: center;\"><em>Gismo war ein kleiner Sonnenschein, er hat durch seinen Charm<br \/>\njedes Herz erobert. Die viel zu kurze Zeit, die ich und Ballou mit ihm<br \/>\nverbringen durfte, ging am 6.06.07 zu Ende. V\u00f6llig unerwartet hat ein<br \/>\nChow-chow, mit dem wir ein ganzes St\u00fcck spazieren gegangen waren,<br \/>\nden kleinen Kerl gepackt und schwer verletzt. Er hat diese Attacke<br \/>\nnicht \u00fcberlebt und hat die letzten Atemz\u00fcge in meinen Armen getan,<br \/>\nder Tierarzt konnte ihm nicht mehr helfen.<\/em><\/h5>\n<\/div>\n<p style=\"text-align: center;\"><img decoding=\"async\" loading=\"lazy\" class=\"alignnone size-full wp-image-81 aligncenter\" src=\"http:\/\/la-montez-papillons.de.w016d93c.kasserver.com\/de\/wp-content\/uploads\/2017\/06\/line.png\" alt=\"\" width=\"1228\" height=\"80\" srcset=\"https:\/\/la-montez.de\/wp-content\/uploads\/2017\/06\/line.png 1228w, https:\/\/la-montez.de\/wp-content\/uploads\/2017\/06\/line-300x20.png 300w, https:\/\/la-montez.de\/wp-content\/uploads\/2017\/06\/line-768x50.png 768w, https:\/\/la-montez.de\/wp-content\/uploads\/2017\/06\/line-1024x67.png 1024w\" sizes=\"(max-width: 1228px) 100vw, 1228px\" \/><\/p>\n<p><center><img decoding=\"async\" loading=\"lazy\" class=\"news_img wp-image-164 size-full aligncenter\" src=\"http:\/\/la-montez-papillons.de.w016d93c.kasserver.com\/de\/wp-content\/uploads\/2017\/06\/Pepsi001.jpg\" alt=\"\" width=\"375\" height=\"246\" srcset=\"https:\/\/la-montez.de\/wp-content\/uploads\/2017\/06\/Pepsi001.jpg 375w, https:\/\/la-montez.de\/wp-content\/uploads\/2017\/06\/Pepsi001-300x197.jpg 300w\" sizes=\"(max-width: 375px) 100vw, 375px\" \/><\/center><\/p>\n<h2 style=\"text-align: center;\" align=\"center\"><strong style=\"text-align: start;\"><span class=\"auto-style1\">Pepsi<\/span><br \/>\n&#8220;Lamonia\u00b4s Pepperoni&#8221;<\/strong><\/h2>\n<h5 style=\"text-align: center;\" align=\"center\"><br style=\"text-align: start;\" \/><span class=\"auto-style4\" style=\"text-align: start;\"><em>In Erinnerung an die kleine Prinzessin der Schmetterlinge.<br \/>\nGeboren am 9.08.12 durch einen tragischen Unfall verstorben<br \/>\nam 17.12.23. Ich werde dich vermissen,<br \/>\nDu warst ein besonderes kleines Gesch\u00f6pf von einem Papillon.<\/em><\/span><\/h5>\n<p><img decoding=\"async\" loading=\"lazy\" class=\"alignnone size-full wp-image-81\" src=\"http:\/\/la-montez-papillons.de.w016d93c.kasserver.com\/de\/wp-content\/uploads\/2017\/06\/line.png\" alt=\"\" width=\"1228\" height=\"80\" srcset=\"https:\/\/la-montez.de\/wp-content\/uploads\/2017\/06\/line.png 1228w, https:\/\/la-montez.de\/wp-content\/uploads\/2017\/06\/line-300x20.png 300w, https:\/\/la-montez.de\/wp-content\/uploads\/2017\/06\/line-768x50.png 768w, https:\/\/la-montez.de\/wp-content\/uploads\/2017\/06\/line-1024x67.png 1024w\" sizes=\"(max-width: 1228px) 100vw, 1228px\" \/><\/p>\n<h2 style=\"text-align: center;\" align=\"center\"><img decoding=\"async\" loading=\"lazy\" class=\"news_img wp-image-2314 aligncenter\" src=\"https:\/\/la-montez.de\/wp-content\/uploads\/2024\/05\/Myron12M.4.jpg\" alt=\"\" width=\"375\" height=\"315\" srcset=\"https:\/\/la-montez.de\/wp-content\/uploads\/2024\/05\/Myron12M.4.jpg 1281w, https:\/\/la-montez.de\/wp-content\/uploads\/2024\/05\/Myron12M.4-300x252.jpg 300w, https:\/\/la-montez.de\/wp-content\/uploads\/2024\/05\/Myron12M.4-800x672.jpg 800w, https:\/\/la-montez.de\/wp-content\/uploads\/2024\/05\/Myron12M.4-768x645.jpg 768w, https:\/\/la-montez.de\/wp-content\/uploads\/2024\/05\/Myron12M.4-14x12.jpg 14w\" sizes=\"(max-width: 375px) 100vw, 375px\" \/><\/h2>\n<h2 style=\"text-align: center;\" align=\"center\"><a href=\"https:\/\/la-montez.de\/myron\/\"><strong style=\"text-align: start;\">Myron de La Montez<\/strong><\/a><\/h2>\n<h5 style=\"text-align: center;\" align=\"center\"><span class=\"auto-style4\" style=\"text-align: start;\"><em>Er konnte so sch\u00f6n lachen, ich werde es nicht mehr sehen.<br \/>\nEs war ein Ungl\u00fcck, ein Unfall wir konnten ihn nicht mehr finden.<br \/>\nIch konnte am Ende nur noch seinen kleinen K\u00f6rper nach Hause bringen.<\/em><\/span><\/h5>\n<p style=\"text-align: center;\">","protected":false},"excerpt":{"rendered":"<p>Eine Br\u00fccke verbindet den Himmel und die Erde. Wegen der vielen Farben nennt man sie die Br\u00fccke des Regenbogens.Auf jener Seite der Br\u00fccke liegt ein Land mit Wiesen, H\u00fcgeln und saftigen, gr\u00fcnen Gras.Wenn ein geliebtes Tier auf der Erde f\u00fcr immer eingeschlafen ist, geht es zu diesem wundersch\u00f6nen Ort. Dort gibt es immer was zu &#8230; <a title=\"Rainbowbridge\" class=\"read-more\" href=\"https:\/\/la-montez.de\/en\/regenbogenbruecke\/\" aria-label=\"More on Regenbogenbr\u00fccke\">Read more<\/a><\/p>","protected":false},"author":1,"featured_media":0,"parent":0,"menu_order":0,"comment_status":"closed","ping_status":"closed","template":"","meta":{"_custom_body_class":"","_custom_post_class":""},"_links":{"self":[{"href":"https:\/\/la-montez.de\/en\/wp-json\/wp\/v2\/pages\/47"}],"collection":[{"href":"https:\/\/la-montez.de\/en\/wp-json\/wp\/v2\/pages"}],"about":[{"href":"https:\/\/la-montez.de\/en\/wp-json\/wp\/v2\/types\/page"}],"author":[{"embeddable":true,"href":"https:\/\/la-montez.de\/en\/wp-json\/wp\/v2\/users\/1"}],"replies":[{"embeddable":true,"href":"https:\/\/la-montez.de\/en\/wp-json\/wp\/v2\/comments?post=47"}],"version-history":[{"count":9,"href":"https:\/\/la-montez.de\/en\/wp-json\/wp\/v2\/pages\/47\/revisions"}],"predecessor-version":[{"id":2368,"href":"https:\/\/la-montez.de\/en\/wp-json\/wp\/v2\/pages\/47\/revisions\/2368"}],"wp:attachment":[{"href":"https:\/\/la-montez.de\/en\/wp-json\/wp\/v2\/media?parent=47"}],"curies":[{"name":"wp","href":"https:\/\/api.w.org\/{rel}","templated":true}]}}