{"id":524,"date":"2017-07-10T11:10:07","date_gmt":"2017-07-10T09:10:07","guid":{"rendered":"http:\/\/la-montez-papillons.de.w016d93c.kasserver.com\/de\/?page_id=524"},"modified":"2022-04-05T15:02:27","modified_gmt":"2022-04-05T13:02:27","slug":"contessa","status":"publish","type":"page","link":"https:\/\/la-montez.de\/en\/contessa\/","title":{"rendered":"Contessa"},"content":{"rendered":"<div align=\"center\">\n<p>&nbsp;<\/p>\n<h2><span style=\"text-align: start;\">Contessa de La Montez<\/span><\/h2>\n<p><img decoding=\"async\" loading=\"lazy\" class=\"news_img aligncenter wp-image-525\" src=\"http:\/\/la-montez-papillons.de.w016d93c.kasserver.com\/de\/wp-content\/uploads\/2017\/07\/Contessa4J-3.jpg\" alt=\"\" width=\"461\" height=\"500\" srcset=\"https:\/\/la-montez.de\/wp-content\/uploads\/2017\/07\/Contessa4J-3.jpg 584w, https:\/\/la-montez.de\/wp-content\/uploads\/2017\/07\/Contessa4J-3-277x300.jpg 277w\" sizes=\"(max-width: 461px) 100vw, 461px\" \/><\/p>\n<h4><em style=\"text-align: start;\">Born:\u00a0<\/em><span style=\"text-align: start;\">16.05.2011<\/span><\/h4>\n<h4><em style=\"text-align: start;\">Color:\u00a0<\/em><em style=\"text-align: start;\">zobel<br \/>\n<\/em><em style=\"text-align: start;\">Size:<\/em><span style=\"text-align: start;\">28 cm<br \/>\n<\/span><em style=\"text-align: start;\">PL:<\/em><span style=\"text-align: start;\">\u00a00\/0<br \/>\n<\/span><em style=\"text-align: start;\">PRA:<\/em><span style=\"text-align: start;\"><em>frei (2014)<\/em><br \/>\n<\/span><em>PRA1:<span style=\"text-align: start;\">Tr\u00e4ger<\/span><\/em><\/h4>\n<p>&nbsp;<\/p>\n<\/div>\n<p style=\"text-align: center;\"><img decoding=\"async\" loading=\"lazy\" class=\"alignnone size-full wp-image-81\" src=\"http:\/\/la-montez-papillons.de.w016d93c.kasserver.com\/de\/wp-content\/uploads\/2017\/06\/line.png\" alt=\"\" width=\"1228\" height=\"80\" srcset=\"https:\/\/la-montez.de\/wp-content\/uploads\/2017\/06\/line.png 1228w, https:\/\/la-montez.de\/wp-content\/uploads\/2017\/06\/line-300x20.png 300w, https:\/\/la-montez.de\/wp-content\/uploads\/2017\/06\/line-768x50.png 768w, https:\/\/la-montez.de\/wp-content\/uploads\/2017\/06\/line-1024x67.png 1024w\" sizes=\"(max-width: 1228px) 100vw, 1228px\" \/><\/p>\n<h4 style=\"text-align: center;\">Luxenburg Jugendchampion<br \/>\nAustrian Youth Champion<br \/>\nVDH Jugendchampion<\/h4>\n<h4 style=\"text-align: center;\">Saarland Jugendsiegerin 2012<br \/>\nJugendsiegerin Saarbr\u00fccken 2012<br \/>\nHessensiegerin 2013<\/h4>\n<h5 align=\"center\"><\/h5>\n<h4><img decoding=\"async\" loading=\"lazy\" class=\"size-full wp-image-81 aligncenter\" src=\"http:\/\/la-montez-papillons.de.w016d93c.kasserver.com\/de\/wp-content\/uploads\/2017\/06\/line.png\" alt=\"\" width=\"1228\" height=\"80\" srcset=\"https:\/\/la-montez.de\/wp-content\/uploads\/2017\/06\/line.png 1228w, https:\/\/la-montez.de\/wp-content\/uploads\/2017\/06\/line-300x20.png 300w, https:\/\/la-montez.de\/wp-content\/uploads\/2017\/06\/line-768x50.png 768w, https:\/\/la-montez.de\/wp-content\/uploads\/2017\/06\/line-1024x67.png 1024w\" sizes=\"(max-width: 1228px) 100vw, 1228px\" \/><\/h4>\n<table border=\"1\" width=\"650\">\n<tbody>\n<tr>\n<td rowspan=\"4\">\n<h5><strong>Yukatan vom Schwabenhof<\/strong><\/h5>\n<\/td>\n<td rowspan=\"2\">\n<h5><strong>Gatchaman of Royal Blanche<\/strong><\/h5>\n<\/td>\n<td>\n<h5><strong>Shin Son JP\u00b4s Justice<\/strong><\/h5>\n<\/td>\n<\/tr>\n<tr>\n<td>\n<h5><strong>Fire Opal of Princess Fantasy JP<\/strong><\/h5>\n<\/td>\n<\/tr>\n<tr>\n<td rowspan=\"2\">\n<h5><strong>Romina vom Schwabenhof<\/strong><\/h5>\n<\/td>\n<td>\n<h5><strong>Zkarabi\u00b4s Headline<\/strong><\/h5>\n<\/td>\n<\/tr>\n<tr>\n<td>\n<h5><strong>Kam\u00e9e vom Schwabenhof<\/strong><\/h5>\n<\/td>\n<\/tr>\n<tr>\n<td rowspan=\"4\">\n<h5><strong>Sweet Little Butterfly Maisy<\/strong><\/h5>\n<\/td>\n<td rowspan=\"2\">\n<h5><strong>Smile Line Domino\u00b4s Star Mercury<\/strong><\/h5>\n<\/td>\n<td>\n<h5><strong>\u00a0L\u00b4Ete Cadaga Domino<\/strong><\/h5>\n<\/td>\n<\/tr>\n<tr>\n<td>\n<h5><strong>\u00a0Smile Line Cover Girls Eternal Emma<\/strong><\/h5>\n<\/td>\n<\/tr>\n<tr>\n<td rowspan=\"2\">\n<h5><strong>\u00a0Connection Sweet So Sugar<\/strong><\/h5>\n<\/td>\n<td>\n<h5><strong>\u00a0Siljans Amiral<\/strong><\/h5>\n<\/td>\n<\/tr>\n<tr>\n<td>\n<h5><strong>\u00a0Connection So Much Magic<\/strong><\/h5>\n<\/td>\n<\/tr>\n<\/tbody>\n<\/table>\n<h4><img decoding=\"async\" loading=\"lazy\" class=\"size-full wp-image-81 aligncenter\" src=\"http:\/\/la-montez-papillons.de.w016d93c.kasserver.com\/de\/wp-content\/uploads\/2017\/06\/line.png\" alt=\"\" width=\"1228\" height=\"80\" srcset=\"https:\/\/la-montez.de\/wp-content\/uploads\/2017\/06\/line.png 1228w, https:\/\/la-montez.de\/wp-content\/uploads\/2017\/06\/line-300x20.png 300w, https:\/\/la-montez.de\/wp-content\/uploads\/2017\/06\/line-768x50.png 768w, https:\/\/la-montez.de\/wp-content\/uploads\/2017\/06\/line-1024x67.png 1024w\" sizes=\"(max-width: 1228px) 100vw, 1228px\" \/><\/h4>\n<div id='gallery-1' class='gallery galleryid-524 gallery-columns-6 gallery-size-thumbnail'><figure class='gallery-item'>\n\t\t\t<div class='gallery-icon landscape'>\n\t\t\t\t<a href='https:\/\/la-montez.de\/wp-content\/uploads\/2017\/07\/Contessa7T1g.jpg' rel=\"lightbox[gallery-0]\"><img width=\"150\" height=\"150\" src=\"https:\/\/la-montez.de\/wp-content\/uploads\/2017\/07\/Contessa7T1g-150x150.jpg\" class=\"attachment-thumbnail size-thumbnail\" alt=\"\" decoding=\"async\" loading=\"lazy\" \/><\/a>\n\t\t\t<\/div><\/figure><figure class='gallery-item'>\n\t\t\t<div class='gallery-icon landscape'>\n\t\t\t\t<a href='https:\/\/la-montez.de\/wp-content\/uploads\/2017\/07\/Contessa4T1g.jpg' rel=\"lightbox[gallery-0]\"><img width=\"150\" height=\"150\" src=\"https:\/\/la-montez.de\/wp-content\/uploads\/2017\/07\/Contessa4T1g-150x150.jpg\" class=\"attachment-thumbnail size-thumbnail\" alt=\"\" decoding=\"async\" loading=\"lazy\" \/><\/a>\n\t\t\t<\/div><\/figure><figure class='gallery-item'>\n\t\t\t<div class='gallery-icon landscape'>\n\t\t\t\t<a href='https:\/\/la-montez.de\/wp-content\/uploads\/2017\/07\/Contessa4T2g.jpg' rel=\"lightbox[gallery-0]\"><img width=\"150\" height=\"150\" src=\"https:\/\/la-montez.de\/wp-content\/uploads\/2017\/07\/Contessa4T2g-150x150.jpg\" class=\"attachment-thumbnail size-thumbnail\" alt=\"\" decoding=\"async\" loading=\"lazy\" \/><\/a>\n\t\t\t<\/div><\/figure><figure class='gallery-item'>\n\t\t\t<div class='gallery-icon landscape'>\n\t\t\t\t<a href='https:\/\/la-montez.de\/wp-content\/uploads\/2017\/07\/C-4Wochen3.jpg' rel=\"lightbox[gallery-0]\"><img width=\"150\" height=\"150\" src=\"https:\/\/la-montez.de\/wp-content\/uploads\/2017\/07\/C-4Wochen3-150x150.jpg\" class=\"attachment-thumbnail size-thumbnail\" alt=\"\" decoding=\"async\" loading=\"lazy\" \/><\/a>\n\t\t\t<\/div><\/figure><figure class='gallery-item'>\n\t\t\t<div class='gallery-icon portrait'>\n\t\t\t\t<a href='https:\/\/la-montez.de\/wp-content\/uploads\/2017\/07\/C-4Wochen2.jpg' rel=\"lightbox[gallery-0]\"><img width=\"150\" height=\"150\" src=\"https:\/\/la-montez.de\/wp-content\/uploads\/2017\/07\/C-4Wochen2-150x150.jpg\" class=\"attachment-thumbnail size-thumbnail\" alt=\"\" decoding=\"async\" loading=\"lazy\" \/><\/a>\n\t\t\t<\/div><\/figure><figure class='gallery-item'>\n\t\t\t<div class='gallery-icon landscape'>\n\t\t\t\t<a href='https:\/\/la-montez.de\/wp-content\/uploads\/2017\/07\/C-4Wochen.jpg' rel=\"lightbox[gallery-0]\"><img width=\"150\" height=\"150\" src=\"https:\/\/la-montez.de\/wp-content\/uploads\/2017\/07\/C-4Wochen-150x150.jpg\" class=\"attachment-thumbnail size-thumbnail\" alt=\"\" decoding=\"async\" loading=\"lazy\" \/><\/a>\n\t\t\t<\/div><\/figure><figure class='gallery-item'>\n\t\t\t<div class='gallery-icon landscape'>\n\t\t\t\t<a href='https:\/\/la-montez.de\/wp-content\/uploads\/2017\/07\/C-Wurf7Wochen-003.jpg' rel=\"lightbox[gallery-0]\"><img width=\"150\" height=\"150\" src=\"https:\/\/la-montez.de\/wp-content\/uploads\/2017\/07\/C-Wurf7Wochen-003-150x150.jpg\" class=\"attachment-thumbnail size-thumbnail\" alt=\"\" decoding=\"async\" loading=\"lazy\" \/><\/a>\n\t\t\t<\/div><\/figure><figure class='gallery-item'>\n\t\t\t<div class='gallery-icon portrait'>\n\t\t\t\t<a href='https:\/\/la-montez.de\/wp-content\/uploads\/2017\/07\/C-Wurf7Wochen-005.jpg' rel=\"lightbox[gallery-0]\"><img width=\"150\" height=\"150\" src=\"https:\/\/la-montez.de\/wp-content\/uploads\/2017\/07\/C-Wurf7Wochen-005-150x150.jpg\" class=\"attachment-thumbnail size-thumbnail\" alt=\"\" decoding=\"async\" loading=\"lazy\" \/><\/a>\n\t\t\t<\/div><\/figure><figure class='gallery-item'>\n\t\t\t<div class='gallery-icon landscape'>\n\t\t\t\t<a href='https:\/\/la-montez.de\/wp-content\/uploads\/2017\/07\/C-10Wochen.jpg' rel=\"lightbox[gallery-0]\"><img width=\"150\" height=\"150\" src=\"https:\/\/la-montez.de\/wp-content\/uploads\/2017\/07\/C-10Wochen-150x150.jpg\" class=\"attachment-thumbnail size-thumbnail\" alt=\"\" decoding=\"async\" loading=\"lazy\" \/><\/a>\n\t\t\t<\/div><\/figure><figure class='gallery-item'>\n\t\t\t<div class='gallery-icon landscape'>\n\t\t\t\t<a href='https:\/\/la-montez.de\/wp-content\/uploads\/2017\/07\/C-Wurf13Wochen-001.jpg' rel=\"lightbox[gallery-0]\"><img width=\"150\" height=\"150\" src=\"https:\/\/la-montez.de\/wp-content\/uploads\/2017\/07\/C-Wurf13Wochen-001-150x150.jpg\" class=\"attachment-thumbnail size-thumbnail\" alt=\"\" decoding=\"async\" loading=\"lazy\" \/><\/a>\n\t\t\t<\/div><\/figure><figure class='gallery-item'>\n\t\t\t<div class='gallery-icon landscape'>\n\t\t\t\t<a href='https:\/\/la-montez.de\/wp-content\/uploads\/2017\/07\/C-Wurf13Wochen-003.jpg' rel=\"lightbox[gallery-0]\"><img width=\"150\" height=\"150\" src=\"https:\/\/la-montez.de\/wp-content\/uploads\/2017\/07\/C-Wurf13Wochen-003-150x150.jpg\" class=\"attachment-thumbnail size-thumbnail\" alt=\"\" decoding=\"async\" loading=\"lazy\" \/><\/a>\n\t\t\t<\/div><\/figure><figure class='gallery-item'>\n\t\t\t<div class='gallery-icon landscape'>\n\t\t\t\t<a href='https:\/\/la-montez.de\/wp-content\/uploads\/2017\/07\/C-Wurf13Wochen-006.jpg' rel=\"lightbox[gallery-0]\"><img width=\"150\" height=\"150\" src=\"https:\/\/la-montez.de\/wp-content\/uploads\/2017\/07\/C-Wurf13Wochen-006-150x150.jpg\" class=\"attachment-thumbnail size-thumbnail\" alt=\"\" decoding=\"async\" loading=\"lazy\" \/><\/a>\n\t\t\t<\/div><\/figure><figure class='gallery-item'>\n\t\t\t<div class='gallery-icon portrait'>\n\t\t\t\t<a href='https:\/\/la-montez.de\/wp-content\/uploads\/2017\/07\/Contessa5M1.jpg' rel=\"lightbox[gallery-0]\"><img width=\"150\" height=\"150\" src=\"https:\/\/la-montez.de\/wp-content\/uploads\/2017\/07\/Contessa5M1-150x150.jpg\" class=\"attachment-thumbnail size-thumbnail\" alt=\"\" decoding=\"async\" loading=\"lazy\" \/><\/a>\n\t\t\t<\/div><\/figure><figure class='gallery-item'>\n\t\t\t<div class='gallery-icon landscape'>\n\t\t\t\t<a href='https:\/\/la-montez.de\/wp-content\/uploads\/2017\/07\/Contessa5M2.jpg' rel=\"lightbox[gallery-0]\"><img width=\"150\" height=\"150\" src=\"https:\/\/la-montez.de\/wp-content\/uploads\/2017\/07\/Contessa5M2-150x150.jpg\" class=\"attachment-thumbnail size-thumbnail\" alt=\"\" decoding=\"async\" loading=\"lazy\" \/><\/a>\n\t\t\t<\/div><\/figure><figure class='gallery-item'>\n\t\t\t<div class='gallery-icon portrait'>\n\t\t\t\t<a href='https:\/\/la-montez.de\/wp-content\/uploads\/2017\/07\/Contessa-Kopf.5M.jpg' rel=\"lightbox[gallery-0]\"><img width=\"150\" height=\"150\" src=\"https:\/\/la-montez.de\/wp-content\/uploads\/2017\/07\/Contessa-Kopf.5M-150x150.jpg\" class=\"attachment-thumbnail size-thumbnail\" alt=\"\" decoding=\"async\" loading=\"lazy\" \/><\/a>\n\t\t\t<\/div><\/figure><figure class='gallery-item'>\n\t\t\t<div class='gallery-icon portrait'>\n\t\t\t\t<a href='https:\/\/la-montez.de\/wp-content\/uploads\/2017\/07\/Contessa10M-3.jpg' rel=\"lightbox[gallery-0]\"><img width=\"150\" height=\"150\" src=\"https:\/\/la-montez.de\/wp-content\/uploads\/2017\/07\/Contessa10M-3-150x150.jpg\" class=\"attachment-thumbnail size-thumbnail\" alt=\"\" decoding=\"async\" loading=\"lazy\" \/><\/a>\n\t\t\t<\/div><\/figure><figure class='gallery-item'>\n\t\t\t<div class='gallery-icon landscape'>\n\t\t\t\t<a href='https:\/\/la-montez.de\/wp-content\/uploads\/2017\/07\/Contessa10M.jpg' rel=\"lightbox[gallery-0]\"><img width=\"150\" height=\"150\" src=\"https:\/\/la-montez.de\/wp-content\/uploads\/2017\/07\/Contessa10M-150x150.jpg\" class=\"attachment-thumbnail size-thumbnail\" alt=\"\" decoding=\"async\" loading=\"lazy\" \/><\/a>\n\t\t\t<\/div><\/figure><figure class='gallery-item'>\n\t\t\t<div class='gallery-icon portrait'>\n\t\t\t\t<a href='https:\/\/la-montez.de\/wp-content\/uploads\/2017\/07\/Contessa10M-7.jpg' rel=\"lightbox[gallery-0]\"><img width=\"150\" height=\"150\" src=\"https:\/\/la-montez.de\/wp-content\/uploads\/2017\/07\/Contessa10M-7-150x150.jpg\" class=\"attachment-thumbnail size-thumbnail\" alt=\"\" decoding=\"async\" loading=\"lazy\" \/><\/a>\n\t\t\t<\/div><\/figure><figure class='gallery-item'>\n\t\t\t<div class='gallery-icon portrait'>\n\t\t\t\t<a href='https:\/\/la-montez.de\/wp-content\/uploads\/2017\/07\/Contessa.Tisch_.jpg' rel=\"lightbox[gallery-0]\"><img width=\"150\" height=\"150\" src=\"https:\/\/la-montez.de\/wp-content\/uploads\/2017\/07\/Contessa.Tisch_-150x150.jpg\" class=\"attachment-thumbnail size-thumbnail\" alt=\"\" decoding=\"async\" loading=\"lazy\" \/><\/a>\n\t\t\t<\/div><\/figure><figure class='gallery-item'>\n\t\t\t<div class='gallery-icon landscape'>\n\t\t\t\t<a href='https:\/\/la-montez.de\/wp-content\/uploads\/2017\/07\/Contessa4J.jpg' rel=\"lightbox[gallery-0]\"><img width=\"150\" height=\"150\" src=\"https:\/\/la-montez.de\/wp-content\/uploads\/2017\/07\/Contessa4J-150x150.jpg\" class=\"attachment-thumbnail size-thumbnail\" alt=\"\" decoding=\"async\" loading=\"lazy\" \/><\/a>\n\t\t\t<\/div><\/figure><figure class='gallery-item'>\n\t\t\t<div class='gallery-icon landscape'>\n\t\t\t\t<a href='https:\/\/la-montez.de\/wp-content\/uploads\/2017\/07\/Contessa2Jahre2.jpg' rel=\"lightbox[gallery-0]\"><img width=\"150\" height=\"150\" src=\"https:\/\/la-montez.de\/wp-content\/uploads\/2017\/07\/Contessa2Jahre2-150x150.jpg\" class=\"attachment-thumbnail size-thumbnail\" alt=\"\" decoding=\"async\" loading=\"lazy\" \/><\/a>\n\t\t\t<\/div><\/figure><figure class='gallery-item'>\n\t\t\t<div class='gallery-icon landscape'>\n\t\t\t\t<a href='https:\/\/la-montez.de\/wp-content\/uploads\/2017\/07\/Contessa2Jahre.jpg' rel=\"lightbox[gallery-0]\"><img width=\"150\" height=\"150\" src=\"https:\/\/la-montez.de\/wp-content\/uploads\/2017\/07\/Contessa2Jahre-150x150.jpg\" class=\"attachment-thumbnail size-thumbnail\" alt=\"\" decoding=\"async\" loading=\"lazy\" \/><\/a>\n\t\t\t<\/div><\/figure><figure class='gallery-item'>\n\t\t\t<div class='gallery-icon landscape'>\n\t\t\t\t<a href='https:\/\/la-montez.de\/wp-content\/uploads\/2017\/07\/Contessa2Jahre1.jpg' rel=\"lightbox[gallery-0]\"><img width=\"150\" height=\"150\" src=\"https:\/\/la-montez.de\/wp-content\/uploads\/2017\/07\/Contessa2Jahre1-150x150.jpg\" class=\"attachment-thumbnail size-thumbnail\" alt=\"\" decoding=\"async\" loading=\"lazy\" \/><\/a>\n\t\t\t<\/div><\/figure><figure class='gallery-item'>\n\t\t\t<div class='gallery-icon landscape'>\n\t\t\t\t<a href='https:\/\/la-montez.de\/wp-content\/uploads\/2017\/07\/Contessa4J-1.jpg' rel=\"lightbox[gallery-0]\"><img width=\"150\" height=\"150\" src=\"https:\/\/la-montez.de\/wp-content\/uploads\/2017\/07\/Contessa4J-1-150x150.jpg\" class=\"attachment-thumbnail size-thumbnail\" alt=\"\" decoding=\"async\" loading=\"lazy\" \/><\/a>\n\t\t\t<\/div><\/figure><figure class='gallery-item'>\n\t\t\t<div class='gallery-icon portrait'>\n\t\t\t\t<a href='https:\/\/la-montez.de\/wp-content\/uploads\/2017\/07\/Contessa4J-2.jpg' rel=\"lightbox[gallery-0]\"><img width=\"150\" height=\"150\" src=\"https:\/\/la-montez.de\/wp-content\/uploads\/2017\/07\/Contessa4J-2-150x150.jpg\" class=\"attachment-thumbnail size-thumbnail\" alt=\"\" decoding=\"async\" loading=\"lazy\" \/><\/a>\n\t\t\t<\/div><\/figure><figure class='gallery-item'>\n\t\t\t<div class='gallery-icon portrait'>\n\t\t\t\t<a href='https:\/\/la-montez.de\/wp-content\/uploads\/2017\/07\/Contessa4J-3-1.jpg' rel=\"lightbox[gallery-0]\"><img width=\"150\" height=\"150\" src=\"https:\/\/la-montez.de\/wp-content\/uploads\/2017\/07\/Contessa4J-3-1-150x150.jpg\" class=\"attachment-thumbnail size-thumbnail\" alt=\"\" decoding=\"async\" loading=\"lazy\" \/><\/a>\n\t\t\t<\/div><\/figure><figure class='gallery-item'>\n\t\t\t<div class='gallery-icon landscape'>\n\t\t\t\t<a href='https:\/\/la-montez.de\/wp-content\/uploads\/2017\/07\/Contessa4J-Kopf.jpg' rel=\"lightbox[gallery-0]\"><img width=\"150\" height=\"150\" src=\"https:\/\/la-montez.de\/wp-content\/uploads\/2017\/07\/Contessa4J-Kopf-150x150.jpg\" class=\"attachment-thumbnail size-thumbnail\" alt=\"\" decoding=\"async\" loading=\"lazy\" \/><\/a>\n\t\t\t<\/div><\/figure><figure class='gallery-item'>\n\t\t\t<div class='gallery-icon portrait'>\n\t\t\t\t<a href='https:\/\/la-montez.de\/wp-content\/uploads\/2017\/07\/Contessa5JN.jpg' rel=\"lightbox[gallery-0]\"><img width=\"150\" height=\"150\" src=\"https:\/\/la-montez.de\/wp-content\/uploads\/2017\/07\/Contessa5JN-150x150.jpg\" class=\"attachment-thumbnail size-thumbnail\" alt=\"\" decoding=\"async\" loading=\"lazy\" \/><\/a>\n\t\t\t<\/div><\/figure><figure class='gallery-item'>\n\t\t\t<div class='gallery-icon portrait'>\n\t\t\t\t<a href='https:\/\/la-montez.de\/wp-content\/uploads\/2017\/07\/Contessa5J.jpg' rel=\"lightbox[gallery-0]\"><img width=\"150\" height=\"150\" src=\"https:\/\/la-montez.de\/wp-content\/uploads\/2017\/07\/Contessa5J-150x150.jpg\" class=\"attachment-thumbnail size-thumbnail\" alt=\"\" decoding=\"async\" loading=\"lazy\" \/><\/a>\n\t\t\t<\/div><\/figure><figure class='gallery-item'>\n\t\t\t<div class='gallery-icon portrait'>\n\t\t\t\t<a href='https:\/\/la-montez.de\/wp-content\/uploads\/2017\/07\/Contessa5JN1.jpg' rel=\"lightbox[gallery-0]\"><img width=\"150\" height=\"150\" src=\"https:\/\/la-montez.de\/wp-content\/uploads\/2017\/07\/Contessa5JN1-150x150.jpg\" class=\"attachment-thumbnail size-thumbnail\" alt=\"\" decoding=\"async\" loading=\"lazy\" \/><\/a>\n\t\t\t<\/div><\/figure>\n\t\t<\/div>\n\n<p>&nbsp;<\/p>","protected":false},"excerpt":{"rendered":"<p>&nbsp; Contessa de La Montez Geboren:\u00a016.05.2011 Farbe:\u00a0zobel Gr\u00f6\u00dfe:28 cm PL:\u00a00\/0 PRA:frei (2014) PRA1:Tr\u00e4ger &nbsp; Luxenburg Jugendchampion \u00d6sterreichischer Jugendchampion VDH Jugendchampion Saarland Jugendsiegerin 2012 Jugendsiegerin Saarbr\u00fccken 2012 Hessensiegerin 2013 Yukatan vom Schwabenhof Gatchaman of Royal Blanche Shin Son JP\u00b4s Justice Fire Opal of Princess Fantasy JP Romina vom Schwabenhof Zkarabi\u00b4s Headline Kam\u00e9e vom Schwabenhof Sweet Little &#8230; <a title=\"Contessa\" class=\"read-more\" href=\"https:\/\/la-montez.de\/en\/contessa\/\" aria-label=\"More on Contessa\">Read more<\/a><\/p>","protected":false},"author":1,"featured_media":0,"parent":0,"menu_order":0,"comment_status":"closed","ping_status":"closed","template":"","meta":{"_custom_body_class":"","_custom_post_class":""},"_links":{"self":[{"href":"https:\/\/la-montez.de\/en\/wp-json\/wp\/v2\/pages\/524"}],"collection":[{"href":"https:\/\/la-montez.de\/en\/wp-json\/wp\/v2\/pages"}],"about":[{"href":"https:\/\/la-montez.de\/en\/wp-json\/wp\/v2\/types\/page"}],"author":[{"embeddable":true,"href":"https:\/\/la-montez.de\/en\/wp-json\/wp\/v2\/users\/1"}],"replies":[{"embeddable":true,"href":"https:\/\/la-montez.de\/en\/wp-json\/wp\/v2\/comments?post=524"}],"version-history":[{"count":7,"href":"https:\/\/la-montez.de\/en\/wp-json\/wp\/v2\/pages\/524\/revisions"}],"predecessor-version":[{"id":770,"href":"https:\/\/la-montez.de\/en\/wp-json\/wp\/v2\/pages\/524\/revisions\/770"}],"wp:attachment":[{"href":"https:\/\/la-montez.de\/en\/wp-json\/wp\/v2\/media?parent=524"}],"curies":[{"name":"wp","href":"https:\/\/api.w.org\/{rel}","templated":true}]}}