{"id":634,"date":"2017-07-12T11:21:10","date_gmt":"2017-07-12T09:21:10","guid":{"rendered":"http:\/\/la-montez-papillons.de.w016d93c.kasserver.com\/de\/?page_id=634"},"modified":"2017-07-17T00:53:51","modified_gmt":"2017-07-16T22:53:51","slug":"2015-2","status":"publish","type":"page","link":"https:\/\/la-montez.de\/en\/2015-2\/","title":{"rendered":"2015"},"content":{"rendered":"<p style=\"text-align: center;\">New pics of our H-litter<br \/>\nHavanna and Haron de La Montez 7 month old.<\/p>\n<p><img decoding=\"async\" loading=\"lazy\" class=\"wp-image-671 aligncenter\" src=\"http:\/\/la-montez-papillons.de.w016d93c.kasserver.com\/de\/wp-content\/uploads\/2017\/07\/Havanna8M1-1.jpg\" alt=\"\" width=\"380\" height=\"352\" srcset=\"https:\/\/la-montez.de\/wp-content\/uploads\/2017\/07\/Havanna8M1-1.jpg 448w, https:\/\/la-montez.de\/wp-content\/uploads\/2017\/07\/Havanna8M1-1-300x278.jpg 300w\" sizes=\"(max-width: 380px) 100vw, 380px\" \/><\/p>\n<p><img decoding=\"async\" loading=\"lazy\" class=\"wp-image-670 aligncenter\" src=\"http:\/\/la-montez-papillons.de.w016d93c.kasserver.com\/de\/wp-content\/uploads\/2017\/07\/Haron8M-1.jpg\" alt=\"\" width=\"374\" height=\"353\" srcset=\"https:\/\/la-montez.de\/wp-content\/uploads\/2017\/07\/Haron8M-1.jpg 488w, https:\/\/la-montez.de\/wp-content\/uploads\/2017\/07\/Haron8M-1-300x283.jpg 300w\" sizes=\"(max-width: 374px) 100vw, 374px\" \/><\/p>\n<p style=\"text-align: center;\">Great news from Lithuania!<br \/>\nGinette de La Montez is now youth champion of Lithuania.<\/p>\n<p style=\"text-align: center;\">\n<p style=\"text-align: center;\">Our puppies were born, two lovely girls in red sable.<br \/>\nPics of the kids are at our puppy page.<\/p>\n<p style=\"text-align: center;\">\n<p style=\"text-align: center;\">Keramet\u00b4s Last Man Standings first show in Schauenburg in youth class was nice, he got a very nice comment\u00b4s from the judge. Havanna de La Montez was super nice in the baby class as well.<\/p>\n<p><img decoding=\"async\" loading=\"lazy\" class=\"size-full wp-image-672 aligncenter\" src=\"http:\/\/la-montez-papillons.de.w016d93c.kasserver.com\/de\/wp-content\/uploads\/2017\/07\/Schauenburg15.jpg\" alt=\"\" width=\"409\" height=\"648\" srcset=\"https:\/\/la-montez.de\/wp-content\/uploads\/2017\/07\/Schauenburg15.jpg 409w, https:\/\/la-montez.de\/wp-content\/uploads\/2017\/07\/Schauenburg15-189x300.jpg 189w\" sizes=\"(max-width: 409px) 100vw, 409px\" \/><\/p>\n<p>&nbsp;<\/p>\n<p style=\"text-align: center;\">Super news from Lithuania!! Ginette de La Montez won at her last Show best of oposite!!<\/p>\n<p style=\"text-align: center;\">\n<p style=\"text-align: center;\">\n<p style=\"text-align: center;\">Finally after years I arrange a puppy meeting. The most of my in germany living puppies were here.<br \/>\nThank you for your visit!! It was super nice to meet you all!<\/p>\n<p><img decoding=\"async\" loading=\"lazy\" class=\"size-full wp-image-675 aligncenter\" src=\"http:\/\/la-montez-papillons.de.w016d93c.kasserver.com\/de\/wp-content\/uploads\/2017\/07\/Welpentreffen2015-011.jpg\" alt=\"\" width=\"816\" height=\"544\" srcset=\"https:\/\/la-montez.de\/wp-content\/uploads\/2017\/07\/Welpentreffen2015-011.jpg 816w, https:\/\/la-montez.de\/wp-content\/uploads\/2017\/07\/Welpentreffen2015-011-300x200.jpg 300w, https:\/\/la-montez.de\/wp-content\/uploads\/2017\/07\/Welpentreffen2015-011-768x512.jpg 768w\" sizes=\"(max-width: 816px) 100vw, 816px\" \/><\/p>\n<p>&nbsp;<\/p>\n<p style=\"text-align: center;\">Manni, Keramet\u00b4s Last Man Standing have now his own side.<\/p>\n<p style=\"text-align: center;\">\n<p style=\"text-align: center;\">The page from our Holly is now up to date.<\/p>\n<p><img decoding=\"async\" loading=\"lazy\" class=\"size-full wp-image-676 aligncenter\" src=\"http:\/\/la-montez-papillons.de.w016d93c.kasserver.com\/de\/wp-content\/uploads\/2017\/07\/Holly4.20M.jpg\" alt=\"\" width=\"452\" height=\"531\" srcset=\"https:\/\/la-montez.de\/wp-content\/uploads\/2017\/07\/Holly4.20M.jpg 452w, https:\/\/la-montez.de\/wp-content\/uploads\/2017\/07\/Holly4.20M-255x300.jpg 255w\" sizes=\"(max-width: 452px) 100vw, 452px\" \/><\/p>\n<p style=\"text-align: center;\">\n<p style=\"text-align: center;\">Some show news, Simplynice Holly won both day\u00b4s her CAC in the intermedia class. And she got her first CaCib.<br \/>\nUnster Gast &#8220;Nonstop&#8221; Keramet\u00b4s Extreme Secret gewann\u00a0auch beide Tage seine Klasse!<br \/>\nIt was his last show in germany.<\/p>\n<p><img decoding=\"async\" loading=\"lazy\" class=\"wp-image-677 aligncenter\" src=\"http:\/\/la-montez-papillons.de.w016d93c.kasserver.com\/de\/wp-content\/uploads\/2017\/07\/Saarbruecken2015.jpg\" alt=\"\" width=\"425\" height=\"553\" srcset=\"https:\/\/la-montez.de\/wp-content\/uploads\/2017\/07\/Saarbruecken2015.jpg 487w, https:\/\/la-montez.de\/wp-content\/uploads\/2017\/07\/Saarbruecken2015-230x300.jpg 230w\" sizes=\"(max-width: 425px) 100vw, 425px\" \/><\/p>\n<p>&nbsp;<\/p>\n<p style=\"text-align: center;\"><span class=\"auto-style1\">Contessa with her babies, Havanna and Haron. Now three weeks old.<\/span><\/p>\n<p><img decoding=\"async\" loading=\"lazy\" class=\"size-full wp-image-678 aligncenter\" src=\"http:\/\/la-montez-papillons.de.w016d93c.kasserver.com\/de\/wp-content\/uploads\/2017\/07\/Alle3W.jpg\" alt=\"\" width=\"485\" height=\"472\" srcset=\"https:\/\/la-montez.de\/wp-content\/uploads\/2017\/07\/Alle3W.jpg 485w, https:\/\/la-montez.de\/wp-content\/uploads\/2017\/07\/Alle3W-300x292.jpg 300w\" sizes=\"(max-width: 485px) 100vw, 485px\" \/><\/p>\n<p>&nbsp;<\/p>\n<p style=\"text-align: center;\">New pics from Ginette and Gigolo La Montez,<br \/>\n10 month old now... time fly\u00b4s.<\/p>\n<p><img decoding=\"async\" loading=\"lazy\" class=\"size-full wp-image-679 aligncenter\" src=\"http:\/\/la-montez-papillons.de.w016d93c.kasserver.com\/de\/wp-content\/uploads\/2017\/07\/Ginette10M-1.jpg\" alt=\"\" width=\"351\" height=\"318\" srcset=\"https:\/\/la-montez.de\/wp-content\/uploads\/2017\/07\/Ginette10M-1.jpg 351w, https:\/\/la-montez.de\/wp-content\/uploads\/2017\/07\/Ginette10M-1-300x272.jpg 300w\" sizes=\"(max-width: 351px) 100vw, 351px\" \/><\/p>\n<p><img decoding=\"async\" loading=\"lazy\" class=\"wp-image-680 aligncenter\" src=\"http:\/\/la-montez-papillons.de.w016d93c.kasserver.com\/de\/wp-content\/uploads\/2017\/07\/Gigolo9M-1.jpg\" alt=\"\" width=\"311\" height=\"392\" srcset=\"https:\/\/la-montez.de\/wp-content\/uploads\/2017\/07\/Gigolo9M-1.jpg 368w, https:\/\/la-montez.de\/wp-content\/uploads\/2017\/07\/Gigolo9M-1-238x300.jpg 238w\" sizes=\"(max-width: 311px) 100vw, 311px\" \/><\/p>\n<p>&nbsp;<\/p>\n<p style=\"text-align: center;\"><span class=\"auto-style1\">Our Contessa born us at 8.04 two lovely puppies.<br \/>\nMore you will find at our puppy page.<\/span><\/p>\n<p><img decoding=\"async\" loading=\"lazy\" class=\"size-full wp-image-721 aligncenter\" src=\"http:\/\/la-montez-papillons.de.w016d93c.kasserver.com\/de\/wp-content\/uploads\/2017\/07\/Geburt.png\" alt=\"\" width=\"428\" height=\"371\" srcset=\"https:\/\/la-montez.de\/wp-content\/uploads\/2017\/07\/Geburt.png 428w, https:\/\/la-montez.de\/wp-content\/uploads\/2017\/07\/Geburt-300x260.png 300w\" sizes=\"(max-width: 428px) 100vw, 428px\" \/><br \/>\n<img width=\"360\" height=\"314\" \/><\/p>\n<p style=\"text-align: center;\">Now he is here, Keramet\u00b4s Last Man Standing.<br \/>\nHe is a son of my beautiful Disaster Red Rose de La Montez<br \/>\nhe will be now part of my team.<\/p>\n<p><img decoding=\"async\" loading=\"lazy\" class=\"size-full wp-image-681 aligncenter\" src=\"http:\/\/la-montez-papillons.de.w016d93c.kasserver.com\/de\/wp-content\/uploads\/2017\/07\/Manny2.7M.jpg\" alt=\"\" width=\"427\" height=\"437\" srcset=\"https:\/\/la-montez.de\/wp-content\/uploads\/2017\/07\/Manny2.7M.jpg 427w, https:\/\/la-montez.de\/wp-content\/uploads\/2017\/07\/Manny2.7M-293x300.jpg 293w\" sizes=\"(max-width: 427px) 100vw, 427px\" \/><\/p>\n<p>&nbsp;<\/p>\n<p style=\"text-align: center;\">Die erste \u00f6sterreichische Ausstellung des Jahres verlief gut,\u00a0mein Gast Nonstop &#8220;Keramet\u00b4s Extreme Secret&#8221;erhielt seine n\u00e4chste Anwartschaft und meine kleine Simplynice Holly<br \/>\ngot V1 with CAC.<\/p>\n<p><img decoding=\"async\" loading=\"lazy\" class=\"size-full wp-image-682 aligncenter\" src=\"http:\/\/la-montez-papillons.de.w016d93c.kasserver.com\/de\/wp-content\/uploads\/2017\/07\/Graz2015.jpg\" alt=\"\" width=\"455\" height=\"722\" srcset=\"https:\/\/la-montez.de\/wp-content\/uploads\/2017\/07\/Graz2015.jpg 441w, https:\/\/la-montez.de\/wp-content\/uploads\/2017\/07\/Graz2015-189x300.jpg 189w\" sizes=\"(max-width: 455px) 100vw, 455px\" \/><\/p>\n<p><img width=\"182\" height=\"280\" \/><\/p>\n<p style=\"text-align: center;\">The first show for Ginette de La Montez in youth class was successful. She reached one day the second place in her class and next day fist place with CAC.<br \/>\nI\u00b4m so proud of my offspring!!<\/p>\n<p><img decoding=\"async\" loading=\"lazy\" class=\"wp-image-673 aligncenter\" src=\"http:\/\/la-montez-papillons.de.w016d93c.kasserver.com\/de\/wp-content\/uploads\/2017\/07\/GinetteShow.jpg\" alt=\"\" width=\"465\" height=\"695\" srcset=\"https:\/\/la-montez.de\/wp-content\/uploads\/2017\/07\/GinetteShow.jpg 535w, https:\/\/la-montez.de\/wp-content\/uploads\/2017\/07\/GinetteShow-201x300.jpg 201w\" sizes=\"(max-width: 465px) 100vw, 465px\" \/><\/p>\n<p>&nbsp;<\/p>\n<p style=\"text-align: center;\">Our guest from Sweden arrived again and soon the first shows will start. Thank you Tina Ingelow for your trust.<\/p>\n<p style=\"text-align: center;\">\n<p style=\"text-align: center;\">22.03 club show in Oer- Erschenschwick, Holly got V1 and the CAC and she got the breeding license.<\/p>\n<p><img decoding=\"async\" loading=\"lazy\" class=\"wp-image-684 aligncenter\" src=\"http:\/\/la-montez-papillons.de.w016d93c.kasserver.com\/de\/wp-content\/uploads\/2017\/07\/OerErkenschwick2015.jpg\" alt=\"\" width=\"370\" height=\"539\" srcset=\"https:\/\/la-montez.de\/wp-content\/uploads\/2017\/07\/OerErkenschwick2015.jpg 424w, https:\/\/la-montez.de\/wp-content\/uploads\/2017\/07\/OerErkenschwick2015-206x300.jpg 206w\" sizes=\"(max-width: 370px) 100vw, 370px\" \/><\/p>\n<p>&nbsp;<\/p>\n<p style=\"text-align: center;\">Ginette de La Montez machte den 4 Platz im &#8220;Best in Show Puppy&#8221;!<br \/>\nThank you Diana for your good work!!<\/p>\n<p><img decoding=\"async\" loading=\"lazy\" class=\"size-full wp-image-683 aligncenter\" src=\"http:\/\/la-montez-papillons.de.w016d93c.kasserver.com\/de\/wp-content\/uploads\/2017\/07\/News1Ginette.jpg\" alt=\"\" width=\"430\" height=\"288\" srcset=\"https:\/\/la-montez.de\/wp-content\/uploads\/2017\/07\/News1Ginette.jpg 430w, https:\/\/la-montez.de\/wp-content\/uploads\/2017\/07\/News1Ginette-300x201.jpg 300w\" sizes=\"(max-width: 430px) 100vw, 430px\" \/><\/p>\n<p>&nbsp;<\/p>\n<p style=\"text-align: center;\">First show for the little Ginette de La Montez in Lithuania!<br \/>\nDas erste mal mit ihren 6 Monaten \ud83d\ude42<\/p>\n<p style=\"text-align: center;\">\n<p style=\"text-align: center;\">At 31.12 my E- litter celebrate birthday!<br \/>\nThank you my dears for the pics!!<\/p>\n<p style=\"text-align: center;\">Eldorado de La Montez<\/p>\n<p><img decoding=\"async\" loading=\"lazy\" class=\"size-full wp-image-685 aligncenter\" src=\"http:\/\/la-montez-papillons.de.w016d93c.kasserver.com\/de\/wp-content\/uploads\/2017\/07\/Eldorado1.2J-1.jpg\" alt=\"\" width=\"385\" height=\"278\" srcset=\"https:\/\/la-montez.de\/wp-content\/uploads\/2017\/07\/Eldorado1.2J-1.jpg 385w, https:\/\/la-montez.de\/wp-content\/uploads\/2017\/07\/Eldorado1.2J-1-300x217.jpg 300w\" sizes=\"(max-width: 385px) 100vw, 385px\" \/><br \/>\n<img width=\"303\" height=\"223\" \/><\/p>\n<p style=\"text-align: center;\">Emilio de La Montez<\/p>\n<p><img decoding=\"async\" loading=\"lazy\" class=\"size-full wp-image-686 aligncenter\" src=\"http:\/\/la-montez-papillons.de.w016d93c.kasserver.com\/de\/wp-content\/uploads\/2017\/07\/Emilo1.2J-1.jpg\" alt=\"\" width=\"393\" height=\"419\" srcset=\"https:\/\/la-montez.de\/wp-content\/uploads\/2017\/07\/Emilo1.2J-1.jpg 393w, https:\/\/la-montez.de\/wp-content\/uploads\/2017\/07\/Emilo1.2J-1-281x300.jpg 281w\" sizes=\"(max-width: 393px) 100vw, 393px\" \/><br \/>\n<img width=\"232\" height=\"263\" \/><\/p>\n<p style=\"text-align: center;\">Ellyas de La Montez<\/p>\n<p><img decoding=\"async\" loading=\"lazy\" class=\"size-full wp-image-720 aligncenter\" src=\"http:\/\/la-montez-papillons.de.w016d93c.kasserver.com\/de\/wp-content\/uploads\/2017\/07\/Ellyas18M-2.jpg\" alt=\"\" width=\"429\" height=\"372\" srcset=\"https:\/\/la-montez.de\/wp-content\/uploads\/2017\/07\/Ellyas18M-2.jpg 429w, https:\/\/la-montez.de\/wp-content\/uploads\/2017\/07\/Ellyas18M-2-300x260.jpg 300w\" sizes=\"(max-width: 429px) 100vw, 429px\" \/><\/p>\n<p>&nbsp;<\/p>","protected":false},"excerpt":{"rendered":"<p>Neue Bilder des H-Wurfes Havanna und Haron de La Montez 7Monate alt. Tolle Neuigkeiten aus Litauen! Ginette de La Montez ist nun offiziell Jugendchampion in Litauen. Unsere Welpen sind geboren, zwei h\u00fcbsche M\u00e4dels in rot zobel. Bilder der Kleinen finden Sie auf meiner Welpenseite. Unsere erste Ausstellung in Schauenburg f\u00fcr\u00a0Keramet\u00b4s Last Man Standing in der &#8230; <a title=\"2015\" class=\"read-more\" href=\"https:\/\/la-montez.de\/en\/2015-2\/\" aria-label=\"More on 2015\">Read more<\/a><\/p>","protected":false},"author":1,"featured_media":0,"parent":0,"menu_order":0,"comment_status":"closed","ping_status":"closed","template":"","meta":{"_custom_body_class":"","_custom_post_class":""},"_links":{"self":[{"href":"https:\/\/la-montez.de\/en\/wp-json\/wp\/v2\/pages\/634"}],"collection":[{"href":"https:\/\/la-montez.de\/en\/wp-json\/wp\/v2\/pages"}],"about":[{"href":"https:\/\/la-montez.de\/en\/wp-json\/wp\/v2\/types\/page"}],"author":[{"embeddable":true,"href":"https:\/\/la-montez.de\/en\/wp-json\/wp\/v2\/users\/1"}],"replies":[{"embeddable":true,"href":"https:\/\/la-montez.de\/en\/wp-json\/wp\/v2\/comments?post=634"}],"version-history":[{"count":3,"href":"https:\/\/la-montez.de\/en\/wp-json\/wp\/v2\/pages\/634\/revisions"}],"predecessor-version":[{"id":725,"href":"https:\/\/la-montez.de\/en\/wp-json\/wp\/v2\/pages\/634\/revisions\/725"}],"wp:attachment":[{"href":"https:\/\/la-montez.de\/en\/wp-json\/wp\/v2\/media?parent=634"}],"curies":[{"name":"wp","href":"https:\/\/api.w.org\/{rel}","templated":true}]}}