{"id":837,"date":"2017-11-03T19:37:31","date_gmt":"2017-11-03T18:37:31","guid":{"rendered":"http:\/\/la-montez.de\/de\/?page_id=837"},"modified":"2021-10-26T16:32:54","modified_gmt":"2021-10-26T14:32:54","slug":"lavita","status":"publish","type":"page","link":"https:\/\/la-montez.de\/en\/lavita\/","title":{"rendered":"Lavita"},"content":{"rendered":"<div align=\"center\">\n<h2>Viva La Vita of Zeppo\u00b4s Weim<\/h2>\n<p><img decoding=\"async\" loading=\"lazy\" class=\"news_img alignnone wp-image-1132\" src=\"http:\/\/la-montez.de\/de\/wp-content\/uploads\/2019\/07\/Lavita18M1.jpg\" alt=\"\" width=\"655\" height=\"602\" srcset=\"https:\/\/la-montez.de\/wp-content\/uploads\/2019\/07\/Lavita18M1.jpg 715w, https:\/\/la-montez.de\/wp-content\/uploads\/2019\/07\/Lavita18M1-300x276.jpg 300w\" sizes=\"(max-width: 655px) 100vw, 655px\" \/><\/p>\n<p><em>born:<\/em><em>.02.2018<br \/>\n<\/em><em>Color: black-white<\/em><em><br \/>\n<\/em><em>size: 27<\/em><em>\u00a0cm<br \/>\n<\/em><em>PL: free (2019)<\/em><em><br \/>\n<\/em><em>PRA: free (2019)<\/em><em><br \/>\n<\/em><em><em style=\"text-align: start;\">Genetic tests:<\/em><em style=\"text-align: start;\"> PRA1-free, PRA-PRCD-free, cord1-PRA-free, NAD-frei, vWDI-free, Faktor VII Defizienz-carrier, DM-free<\/em><\/em><\/p>\n<\/div>\n<h4 style=\"text-align: center;\"><img decoding=\"async\" class=\"aligncenter\" src=\"http:\/\/la-montez-papillons.de.w016d93c.kasserver.com\/de\/wp-content\/uploads\/2017\/06\/line.png\" \/><\/h4>\n<h4 style=\"text-align: center;\">Country youth winner Th\u00fcringen 2019<br \/>\nAnual Trophy Youth Winner 2019<\/h4>\n<h3 style=\"text-align: center;\">German Youth Champion VDH<br \/>\nGerman Youth Champion<\/h3>\n<p><img decoding=\"async\" class=\"aligncenter\" src=\"http:\/\/la-montez-papillons.de.w016d93c.kasserver.com\/de\/wp-content\/uploads\/2017\/06\/line.png\" \/><\/p>\n<div id='gallery-1' class='gallery galleryid-837 gallery-columns-6 gallery-size-thumbnail'><figure class='gallery-item'>\n\t\t\t<div class='gallery-icon landscape'>\n\t\t\t\t<a href='https:\/\/la-montez.de\/wp-content\/uploads\/2018\/04\/Naomi8W.png' rel=\"lightbox[gallery-0]\"><img width=\"150\" height=\"150\" src=\"https:\/\/la-montez.de\/wp-content\/uploads\/2018\/04\/Naomi8W-150x150.png\" class=\"attachment-thumbnail size-thumbnail\" alt=\"\" decoding=\"async\" loading=\"lazy\" \/><\/a>\n\t\t\t<\/div><\/figure><figure class='gallery-item'>\n\t\t\t<div class='gallery-icon landscape'>\n\t\t\t\t<a href='https:\/\/la-montez.de\/wp-content\/uploads\/2018\/04\/Naomi8W1.png' rel=\"lightbox[gallery-0]\"><img width=\"150\" height=\"150\" src=\"https:\/\/la-montez.de\/wp-content\/uploads\/2018\/04\/Naomi8W1-150x150.png\" class=\"attachment-thumbnail size-thumbnail\" alt=\"\" decoding=\"async\" loading=\"lazy\" \/><\/a>\n\t\t\t<\/div><\/figure><figure class='gallery-item'>\n\t\t\t<div class='gallery-icon landscape'>\n\t\t\t\t<a href='https:\/\/la-montez.de\/wp-content\/uploads\/2018\/04\/Naomi12W.png' rel=\"lightbox[gallery-0]\"><img width=\"150\" height=\"150\" src=\"https:\/\/la-montez.de\/wp-content\/uploads\/2018\/04\/Naomi12W-150x150.png\" class=\"attachment-thumbnail size-thumbnail\" alt=\"\" decoding=\"async\" loading=\"lazy\" \/><\/a>\n\t\t\t<\/div><\/figure><figure class='gallery-item'>\n\t\t\t<div class='gallery-icon landscape'>\n\t\t\t\t<a href='https:\/\/la-montez.de\/wp-content\/uploads\/2018\/06\/Lavita.6M5.jpg' rel=\"lightbox[gallery-0]\"><img width=\"150\" height=\"150\" src=\"https:\/\/la-montez.de\/wp-content\/uploads\/2018\/06\/Lavita.6M5-150x150.jpg\" class=\"attachment-thumbnail size-thumbnail\" alt=\"\" decoding=\"async\" loading=\"lazy\" \/><\/a>\n\t\t\t<\/div><\/figure><figure class='gallery-item'>\n\t\t\t<div class='gallery-icon landscape'>\n\t\t\t\t<a href='https:\/\/la-montez.de\/wp-content\/uploads\/2018\/06\/Lavita.6M4.jpg' rel=\"lightbox[gallery-0]\"><img width=\"150\" height=\"150\" src=\"https:\/\/la-montez.de\/wp-content\/uploads\/2018\/06\/Lavita.6M4-150x150.jpg\" class=\"attachment-thumbnail size-thumbnail\" alt=\"\" decoding=\"async\" loading=\"lazy\" \/><\/a>\n\t\t\t<\/div><\/figure><figure class='gallery-item'>\n\t\t\t<div class='gallery-icon portrait'>\n\t\t\t\t<a href='https:\/\/la-montez.de\/wp-content\/uploads\/2018\/06\/Lavita6M.2.jpg' rel=\"lightbox[gallery-0]\"><img width=\"150\" height=\"150\" src=\"https:\/\/la-montez.de\/wp-content\/uploads\/2018\/06\/Lavita6M.2-150x150.jpg\" class=\"attachment-thumbnail size-thumbnail\" alt=\"\" decoding=\"async\" loading=\"lazy\" srcset=\"https:\/\/la-montez.de\/wp-content\/uploads\/2018\/06\/Lavita6M.2-150x150.jpg 150w, https:\/\/la-montez.de\/wp-content\/uploads\/2018\/06\/Lavita6M.2-300x300.jpg 300w, https:\/\/la-montez.de\/wp-content\/uploads\/2018\/06\/Lavita6M.2.jpg 698w\" sizes=\"(max-width: 150px) 100vw, 150px\" \/><\/a>\n\t\t\t<\/div><\/figure><figure class='gallery-item'>\n\t\t\t<div class='gallery-icon landscape'>\n\t\t\t\t<a href='https:\/\/la-montez.de\/wp-content\/uploads\/2019\/04\/Lavita13M7.jpg' rel=\"lightbox[gallery-0]\"><img width=\"150\" height=\"150\" src=\"https:\/\/la-montez.de\/wp-content\/uploads\/2019\/04\/Lavita13M7-150x150.jpg\" class=\"attachment-thumbnail size-thumbnail\" alt=\"\" decoding=\"async\" loading=\"lazy\" \/><\/a>\n\t\t\t<\/div><\/figure><figure class='gallery-item'>\n\t\t\t<div class='gallery-icon portrait'>\n\t\t\t\t<a href='https:\/\/la-montez.de\/wp-content\/uploads\/2019\/04\/Lavita13M6.jpg' rel=\"lightbox[gallery-0]\"><img width=\"150\" height=\"150\" src=\"https:\/\/la-montez.de\/wp-content\/uploads\/2019\/04\/Lavita13M6-150x150.jpg\" class=\"attachment-thumbnail size-thumbnail\" alt=\"\" decoding=\"async\" loading=\"lazy\" \/><\/a>\n\t\t\t<\/div><\/figure><figure class='gallery-item'>\n\t\t\t<div class='gallery-icon landscape'>\n\t\t\t\t<a href='https:\/\/la-montez.de\/wp-content\/uploads\/2019\/04\/Lavita13M2.jpg' rel=\"lightbox[gallery-0]\"><img width=\"150\" height=\"150\" src=\"https:\/\/la-montez.de\/wp-content\/uploads\/2019\/04\/Lavita13M2-150x150.jpg\" class=\"attachment-thumbnail size-thumbnail\" alt=\"\" decoding=\"async\" loading=\"lazy\" \/><\/a>\n\t\t\t<\/div><\/figure><figure class='gallery-item'>\n\t\t\t<div class='gallery-icon portrait'>\n\t\t\t\t<a href='https:\/\/la-montez.de\/wp-content\/uploads\/2019\/07\/Lavita18M2.jpg' rel=\"lightbox[gallery-0]\"><img width=\"150\" height=\"150\" src=\"https:\/\/la-montez.de\/wp-content\/uploads\/2019\/07\/Lavita18M2-150x150.jpg\" class=\"attachment-thumbnail size-thumbnail\" alt=\"\" decoding=\"async\" loading=\"lazy\" \/><\/a>\n\t\t\t<\/div><\/figure><figure class='gallery-item'>\n\t\t\t<div class='gallery-icon portrait'>\n\t\t\t\t<a href='https:\/\/la-montez.de\/wp-content\/uploads\/2019\/07\/Lavita18M3.jpg' rel=\"lightbox[gallery-0]\"><img width=\"150\" height=\"150\" src=\"https:\/\/la-montez.de\/wp-content\/uploads\/2019\/07\/Lavita18M3-150x150.jpg\" class=\"attachment-thumbnail size-thumbnail\" alt=\"\" decoding=\"async\" loading=\"lazy\" \/><\/a>\n\t\t\t<\/div><\/figure><figure class='gallery-item'>\n\t\t\t<div class='gallery-icon landscape'>\n\t\t\t\t<a href='https:\/\/la-montez.de\/wp-content\/uploads\/2019\/07\/Lavita18M.jpg' rel=\"lightbox[gallery-0]\"><img width=\"150\" height=\"150\" src=\"https:\/\/la-montez.de\/wp-content\/uploads\/2019\/07\/Lavita18M-150x150.jpg\" class=\"attachment-thumbnail size-thumbnail\" alt=\"\" decoding=\"async\" loading=\"lazy\" \/><\/a>\n\t\t\t<\/div><\/figure>\n\t\t<\/div>\n\n<p><img decoding=\"async\" class=\"aligncenter\" src=\"http:\/\/la-montez-papillons.de.w016d93c.kasserver.com\/de\/wp-content\/uploads\/2017\/06\/line.png\" \/><\/p>\n<table class=\"aligncenter\" style=\"height: 575px;\" border=\"1\" width=\"950\">\n<tbody>\n<tr>\n<td rowspan=\"4\">\n<h5>Nightfire\u00b4s Dreaming Stars<\/h5>\n<\/td>\n<td rowspan=\"2\">\n<h5>Alex\u00b4Eye of the Tiger<\/h5>\n<\/td>\n<td>\n<h5>Alex\u00b4First Choice<\/h5>\n<\/td>\n<\/tr>\n<tr>\n<td>\n<h5>Zkarabi\u00b4s What Ever<\/h5>\n<\/td>\n<\/tr>\n<tr>\n<td rowspan=\"2\">\n<h5>Laminero\u00b4s Friederike<\/h5>\n<\/td>\n<td>\n<h5>Fascination Boy vom Salamandertal<\/h5>\n<\/td>\n<\/tr>\n<tr>\n<td>\n<h5>Laminero\u00b4s Belinda<\/h5>\n<\/td>\n<\/tr>\n<tr>\n<td rowspan=\"4\">\n<h5>Quest for Gold of Zeppo\u00b4s Weim<\/h5>\n<\/td>\n<td rowspan=\"2\">\n<h5>\u00a0Goldfinger de Costalina<\/h5>\n<\/td>\n<td>\n<h5>Queen Bless JP Royal Connection<\/h5>\n<\/td>\n<\/tr>\n<tr>\n<td>\n<h5>Bonita de Costalina<\/h5>\n<\/td>\n<\/tr>\n<tr>\n<td rowspan=\"2\">\n<h5>Drama Queen of Zeppo\u00b4s Weim<\/h5>\n<\/td>\n<td>\n<h5>Candygolds Hot Hero<\/h5>\n<\/td>\n<\/tr>\n<tr>\n<td>\n<h5>Denemore White Gold<\/h5>\n<\/td>\n<\/tr>\n<\/tbody>\n<\/table>\n<p>&nbsp;<\/p>","protected":false},"excerpt":{"rendered":"<p>Viva La Vita of Zeppo\u00b4s Weim Geboren: 01.02.2018 Farbe: schwarz-wei\u00df Gr\u00f6\u00dfe: 27\u00a0cm PL: frei (2019) PRA: frei (2019) Gentests: PRA1-frei, PRA-PRCD-frei, cord1-PRA-frei, NAD-frei, vWDI-frei, Faktor VII Defizienz-tr\u00e4ger, DM-frei Landesjugendsiegerin Th\u00fcringen Anual Trophy Jugendwinner 2019 Deutscher Jugendchampion VDH Deutscher Jugendchampion VK Nightfire\u00b4s Dreaming Stars Alex\u00b4Eye of the Tiger Alex\u00b4First Choice Zkarabi\u00b4s What Ever Laminero\u00b4s Friederike Fascination &#8230; <a title=\"Lavita\" class=\"read-more\" href=\"https:\/\/la-montez.de\/en\/lavita\/\" aria-label=\"More on Lavita\">Read more<\/a><\/p>","protected":false},"author":1,"featured_media":0,"parent":0,"menu_order":0,"comment_status":"closed","ping_status":"closed","template":"","meta":{"_custom_body_class":"","_custom_post_class":""},"_links":{"self":[{"href":"https:\/\/la-montez.de\/en\/wp-json\/wp\/v2\/pages\/837"}],"collection":[{"href":"https:\/\/la-montez.de\/en\/wp-json\/wp\/v2\/pages"}],"about":[{"href":"https:\/\/la-montez.de\/en\/wp-json\/wp\/v2\/types\/page"}],"author":[{"embeddable":true,"href":"https:\/\/la-montez.de\/en\/wp-json\/wp\/v2\/users\/1"}],"replies":[{"embeddable":true,"href":"https:\/\/la-montez.de\/en\/wp-json\/wp\/v2\/comments?post=837"}],"version-history":[{"count":38,"href":"https:\/\/la-montez.de\/en\/wp-json\/wp\/v2\/pages\/837\/revisions"}],"predecessor-version":[{"id":1901,"href":"https:\/\/la-montez.de\/en\/wp-json\/wp\/v2\/pages\/837\/revisions\/1901"}],"wp:attachment":[{"href":"https:\/\/la-montez.de\/en\/wp-json\/wp\/v2\/media?parent=837"}],"curies":[{"name":"wp","href":"https:\/\/api.w.org\/{rel}","templated":true}]}}