{"id":90,"date":"2017-07-05T17:09:53","date_gmt":"2017-07-05T15:09:53","guid":{"rendered":"http:\/\/la-montez-papillons.de.w016d93c.kasserver.com\/de\/?page_id=90"},"modified":"2021-03-23T13:08:01","modified_gmt":"2021-03-23T12:08:01","slug":"yukatan","status":"publish","type":"page","link":"https:\/\/la-montez.de\/en\/yukatan\/","title":{"rendered":"Yukatan"},"content":{"rendered":"<h2 style=\"text-align: center;\">Yukatan vom Schwabenhof<\/h2>\n<p style=\"text-align: center;\"><img decoding=\"async\" loading=\"lazy\" class=\"news_img alignnone wp-image-107\" src=\"http:\/\/la-montez.de\/de\/wp-content\/uploads\/2017\/07\/IMG_7561b.jpg\" alt=\"\" width=\"750\" height=\"422\" srcset=\"https:\/\/la-montez.de\/wp-content\/uploads\/2017\/07\/IMG_7561b.jpg 1000w, https:\/\/la-montez.de\/wp-content\/uploads\/2017\/07\/IMG_7561b-300x169.jpg 300w, https:\/\/la-montez.de\/wp-content\/uploads\/2017\/07\/IMG_7561b-768x432.jpg 768w, https:\/\/la-montez.de\/wp-content\/uploads\/2017\/07\/IMG_7561b-1024x576.jpg 1024w\" sizes=\"(max-width: 750px) 100vw, 750px\" \/><\/p>\n<p style=\"text-align: center;\"><em style=\"text-align: start;\">Born:\u00a0<\/em><em>07.06.2010<br \/>\n<\/em><em style=\"text-align: start;\">Color:\u00a0<\/em><em>tri-color<br \/>\n<\/em><em style=\"text-align: start;\">Size:\u00a0<\/em>28<em>\u00a0cm<br \/>\nPL: 0\/0 (2016)<br \/>\nPRA:<\/em><em>frei (2019)<br \/>\n<\/em><em>Gentests: PRA1-Tr\u00e4ger, PRA-PRCD-frei, NAD-frei, vWDI-frei, OCD-frei, Faktor VII Defizienz-frei, DM-frei<\/em><\/p>\n<div align=\"center\"><\/div>\n<div align=\"center\"><img decoding=\"async\" loading=\"lazy\" class=\"aligncenter wp-image-81 size-full\" src=\"http:\/\/la-montez-papillons.de.w016d93c.kasserver.com\/de\/wp-content\/uploads\/2017\/06\/line.png\" alt=\"\" width=\"1228\" height=\"80\" srcset=\"https:\/\/la-montez.de\/wp-content\/uploads\/2017\/06\/line.png 1228w, https:\/\/la-montez.de\/wp-content\/uploads\/2017\/06\/line-300x20.png 300w, https:\/\/la-montez.de\/wp-content\/uploads\/2017\/06\/line-768x50.png 768w, https:\/\/la-montez.de\/wp-content\/uploads\/2017\/06\/line-1024x67.png 1024w\" sizes=\"(max-width: 1228px) 100vw, 1228px\" \/><\/div>\n<div align=\"center\">\n<div align=\"center\">\n<h4><span style=\"text-align: start;\">Deutscher Champion Veteran VDH<br \/>\n<\/span>\u00d6sterreichischer Champion Veteran<\/h4>\n<h4><strong style=\"text-align: start;\"><span class=\"auto-style2\">International Beauty Champion<br \/>\n<\/span><\/strong><span style=\"text-align: start;\">German Champion VDH<br \/>\n<\/span><span style=\"text-align: start;\">Austrian Champion<br \/>\n<\/span><span style=\"text-align: start;\">Slovenian Champion<\/span><\/h4>\n<h4>German Youth Champion<em style=\"text-align: start;\"><br \/>\n<\/em><span style=\"text-align: start;\">German Youth Champion VDH<br \/>\n<\/span><span style=\"text-align: start;\">Austrian Youth Champion<\/span><\/h4>\n<h4><span style=\"text-align: start;\">FCI Millenium Winner<br \/>\n<\/span><span style=\"text-align: start;\">FCI Europe Youth Winner<br \/>\n<\/span><span style=\"text-align: start;\">FCI Bundesjugendsieger<br \/>\n<\/span><span style=\"text-align: start;\">Slovenia Winner 2013\u00a0<\/span><\/h4>\n<h4>Veteranensieger Baden- W\u00fcrttemberg<br \/>\nVeteranensieger Karlsruhe<br \/>\nAlpen -Veteranensieger<\/h4>\n<h5><\/h5>\n<\/div>\n<p><img decoding=\"async\" loading=\"lazy\" class=\"aligncenter wp-image-81 size-full\" src=\"http:\/\/la-montez-papillons.de.w016d93c.kasserver.com\/de\/wp-content\/uploads\/2017\/06\/line.png\" alt=\"\" width=\"1228\" height=\"80\" srcset=\"https:\/\/la-montez.de\/wp-content\/uploads\/2017\/06\/line.png 1228w, https:\/\/la-montez.de\/wp-content\/uploads\/2017\/06\/line-300x20.png 300w, https:\/\/la-montez.de\/wp-content\/uploads\/2017\/06\/line-768x50.png 768w, https:\/\/la-montez.de\/wp-content\/uploads\/2017\/06\/line-1024x67.png 1024w\" sizes=\"(max-width: 1228px) 100vw, 1228px\" \/><\/p>\n<\/div>\n<div id='gallery-1' class='gallery galleryid-90 gallery-columns-6 gallery-size-thumbnail'><figure class='gallery-item'>\n\t\t\t<div class='gallery-icon landscape'>\n\t\t\t\t<a href='https:\/\/la-montez.de\/wp-content\/uploads\/2017\/07\/Yukatan9-11W.jpg' rel=\"lightbox[gallery-0]\"><img width=\"150\" height=\"150\" src=\"https:\/\/la-montez.de\/wp-content\/uploads\/2017\/07\/Yukatan9-11W-150x150.jpg\" class=\"attachment-thumbnail size-thumbnail\" alt=\"\" decoding=\"async\" loading=\"lazy\" \/><\/a>\n\t\t\t<\/div><\/figure><figure class='gallery-item'>\n\t\t\t<div class='gallery-icon landscape'>\n\t\t\t\t<a href='https:\/\/la-montez.de\/wp-content\/uploads\/2017\/07\/Kopf.jpg' rel=\"lightbox[gallery-0]\"><img width=\"150\" height=\"150\" src=\"https:\/\/la-montez.de\/wp-content\/uploads\/2017\/07\/Kopf-150x150.jpg\" class=\"attachment-thumbnail size-thumbnail\" alt=\"\" decoding=\"async\" loading=\"lazy\" srcset=\"https:\/\/la-montez.de\/wp-content\/uploads\/2017\/07\/Kopf-150x150.jpg 150w, https:\/\/la-montez.de\/wp-content\/uploads\/2017\/07\/Kopf.jpg 250w\" sizes=\"(max-width: 150px) 100vw, 150px\" \/><\/a>\n\t\t\t<\/div><\/figure><figure class='gallery-item'>\n\t\t\t<div class='gallery-icon landscape'>\n\t\t\t\t<a href='https:\/\/la-montez.de\/wp-content\/uploads\/2017\/07\/Yukatan1.jpg' rel=\"lightbox[gallery-0]\"><img width=\"150\" height=\"150\" src=\"https:\/\/la-montez.de\/wp-content\/uploads\/2017\/07\/Yukatan1-150x150.jpg\" class=\"attachment-thumbnail size-thumbnail\" alt=\"\" decoding=\"async\" loading=\"lazy\" srcset=\"https:\/\/la-montez.de\/wp-content\/uploads\/2017\/07\/Yukatan1-150x150.jpg 150w, https:\/\/la-montez.de\/wp-content\/uploads\/2017\/07\/Yukatan1-300x300.jpg 300w, https:\/\/la-montez.de\/wp-content\/uploads\/2017\/07\/Yukatan1.jpg 310w\" sizes=\"(max-width: 150px) 100vw, 150px\" \/><\/a>\n\t\t\t<\/div><\/figure><figure class='gallery-item'>\n\t\t\t<div class='gallery-icon landscape'>\n\t\t\t\t<a href='https:\/\/la-montez.de\/wp-content\/uploads\/2017\/07\/Yukatan-august2011-1.jpg' rel=\"lightbox[gallery-0]\"><img width=\"150\" height=\"150\" src=\"https:\/\/la-montez.de\/wp-content\/uploads\/2017\/07\/Yukatan-august2011-1-150x150.jpg\" class=\"attachment-thumbnail size-thumbnail\" alt=\"\" decoding=\"async\" loading=\"lazy\" \/><\/a>\n\t\t\t<\/div><\/figure><figure class='gallery-item'>\n\t\t\t<div class='gallery-icon landscape'>\n\t\t\t\t<a href='https:\/\/la-montez.de\/wp-content\/uploads\/2017\/07\/Yukatan-august2011-16.jpg' rel=\"lightbox[gallery-0]\"><img width=\"150\" height=\"150\" src=\"https:\/\/la-montez.de\/wp-content\/uploads\/2017\/07\/Yukatan-august2011-16-150x150.jpg\" class=\"attachment-thumbnail size-thumbnail\" alt=\"\" decoding=\"async\" loading=\"lazy\" \/><\/a>\n\t\t\t<\/div><\/figure><figure class='gallery-item'>\n\t\t\t<div class='gallery-icon portrait'>\n\t\t\t\t<a href='https:\/\/la-montez.de\/wp-content\/uploads\/2017\/07\/Yuko3.jpg' rel=\"lightbox[gallery-0]\"><img width=\"150\" height=\"150\" src=\"https:\/\/la-montez.de\/wp-content\/uploads\/2017\/07\/Yuko3-150x150.jpg\" class=\"attachment-thumbnail size-thumbnail\" alt=\"\" decoding=\"async\" loading=\"lazy\" \/><\/a>\n\t\t\t<\/div><\/figure><figure class='gallery-item'>\n\t\t\t<div class='gallery-icon landscape'>\n\t\t\t\t<a href='https:\/\/la-montez.de\/wp-content\/uploads\/2017\/07\/Yukatan22M-3.jpg' rel=\"lightbox[gallery-0]\"><img width=\"150\" height=\"150\" src=\"https:\/\/la-montez.de\/wp-content\/uploads\/2017\/07\/Yukatan22M-3-150x150.jpg\" class=\"attachment-thumbnail size-thumbnail\" alt=\"\" decoding=\"async\" loading=\"lazy\" \/><\/a>\n\t\t\t<\/div><\/figure><figure class='gallery-item'>\n\t\t\t<div class='gallery-icon landscape'>\n\t\t\t\t<a href='https:\/\/la-montez.de\/wp-content\/uploads\/2017\/07\/IMG_7311b.jpg' rel=\"lightbox[gallery-0]\"><img width=\"150\" height=\"150\" src=\"https:\/\/la-montez.de\/wp-content\/uploads\/2017\/07\/IMG_7311b-150x150.jpg\" class=\"attachment-thumbnail size-thumbnail\" alt=\"\" decoding=\"async\" loading=\"lazy\" \/><\/a>\n\t\t\t<\/div><\/figure><figure class='gallery-item'>\n\t\t\t<div class='gallery-icon landscape'>\n\t\t\t\t<a href='https:\/\/la-montez.de\/wp-content\/uploads\/2017\/07\/IMG_7403b.jpg' rel=\"lightbox[gallery-0]\"><img width=\"150\" height=\"150\" src=\"https:\/\/la-montez.de\/wp-content\/uploads\/2017\/07\/IMG_7403b-150x150.jpg\" class=\"attachment-thumbnail size-thumbnail\" alt=\"\" decoding=\"async\" loading=\"lazy\" \/><\/a>\n\t\t\t<\/div><\/figure><figure class='gallery-item'>\n\t\t\t<div class='gallery-icon landscape'>\n\t\t\t\t<a href='https:\/\/la-montez.de\/wp-content\/uploads\/2017\/07\/IMG_7336b.jpg' rel=\"lightbox[gallery-0]\"><img width=\"150\" height=\"150\" src=\"https:\/\/la-montez.de\/wp-content\/uploads\/2017\/07\/IMG_7336b-150x150.jpg\" class=\"attachment-thumbnail size-thumbnail\" alt=\"\" decoding=\"async\" loading=\"lazy\" \/><\/a>\n\t\t\t<\/div><\/figure><figure class='gallery-item'>\n\t\t\t<div class='gallery-icon portrait'>\n\t\t\t\t<a href='https:\/\/la-montez.de\/wp-content\/uploads\/2017\/06\/IMG_7319b.jpg' rel=\"lightbox[gallery-0]\"><img width=\"150\" height=\"150\" src=\"https:\/\/la-montez.de\/wp-content\/uploads\/2017\/06\/IMG_7319b-150x150.jpg\" class=\"attachment-thumbnail size-thumbnail\" alt=\"\" decoding=\"async\" loading=\"lazy\" \/><\/a>\n\t\t\t<\/div><\/figure>\n\t\t<\/div>\n\n<div align=\"center\">\n<p><img decoding=\"async\" loading=\"lazy\" class=\"aligncenter wp-image-81 size-full\" src=\"http:\/\/la-montez-papillons.de.w016d93c.kasserver.com\/de\/wp-content\/uploads\/2017\/06\/line.png\" alt=\"\" width=\"1228\" height=\"80\" srcset=\"https:\/\/la-montez.de\/wp-content\/uploads\/2017\/06\/line.png 1228w, https:\/\/la-montez.de\/wp-content\/uploads\/2017\/06\/line-300x20.png 300w, https:\/\/la-montez.de\/wp-content\/uploads\/2017\/06\/line-768x50.png 768w, https:\/\/la-montez.de\/wp-content\/uploads\/2017\/06\/line-1024x67.png 1024w\" sizes=\"(max-width: 1228px) 100vw, 1228px\" \/><\/p>\n<table style=\"border-color: #000000; background-color: #;\" border=\"1\" width=\"650\">\n<tbody>\n<tr>\n<td rowspan=\"4\">\n<h5><strong>Gatchaman of Royal Blanche<\/strong><\/h5>\n<\/td>\n<td rowspan=\"2\">\n<h5><strong>Shin Son JP\u00b4s Justice<\/strong><\/h5>\n<\/td>\n<td>\n<h5><strong>Silenzios Dancing Master<\/strong><\/h5>\n<\/td>\n<\/tr>\n<tr>\n<td>\n<h5><strong>Shin Son JP\u00b4s Thierry Mugler<\/strong><\/h5>\n<\/td>\n<\/tr>\n<tr>\n<td rowspan=\"2\">\n<h5><strong>Fire Opal of Princess Fantasy JP<\/strong><\/h5>\n<\/td>\n<td>\n<h5><strong>Fith of Princess Fantasy JP<\/strong><\/h5>\n<\/td>\n<\/tr>\n<tr>\n<td>\n<h5><strong>Something Dandy View Princess<\/strong><\/h5>\n<\/td>\n<\/tr>\n<tr>\n<td rowspan=\"4\">\n<h5><strong>Romina vom Schwabenhof<\/strong><\/h5>\n<\/td>\n<td rowspan=\"2\">\n<h5><strong>Zkarabi\u00b4s Headline<\/strong><\/h5>\n<\/td>\n<td>\n<h5><strong>Lamonia\u00b4s Nicklas<\/strong><\/h5>\n<\/td>\n<\/tr>\n<tr>\n<td>\n<h5><strong>Zkarabi\u00b4s Hattrick<\/strong><\/h5>\n<\/td>\n<\/tr>\n<tr>\n<td rowspan=\"2\">\n<h5><strong>Kam\u00e9e vom Schwabenhof<\/strong><\/h5>\n<\/td>\n<td>\n<h5><strong>Toymaker\u00b4s Piece of Cake<\/strong><\/h5>\n<\/td>\n<\/tr>\n<tr>\n<td>\n<h5><strong>Hundebuden\u00b4s Fanzine<\/strong><\/h5>\n<\/td>\n<\/tr>\n<\/tbody>\n<\/table>\n<\/div>","protected":false},"excerpt":{"rendered":"<p>Yukatan vom Schwabenhof Geboren:\u00a007.06.2010 Farbe:\u00a0tri-color Gr\u00f6\u00dfe:\u00a028\u00a0cm PL: 0\/0 (2016) PRA:frei (2019) Gentests: PRA1-Tr\u00e4ger, PRA-PRCD-frei, NAD-frei, vWDI-frei, OCD-frei, Faktor VII Defizienz-frei, DM-frei Deutscher Champion Veteran VDH \u00d6sterreichischer Champion Veteran Internationaler Sch\u00f6nheits-Champion Deutscher Champion VDH \u00d6sterreichischer Champion Slowenischer Champion Deutscher Jugendchampion VK Deutscher Jugendchampion VDH \u00d6sterreichischer Jugendchampion FCI Jahrhundertjugendsieger FCI Europajugendsieger FCI Bundesjugendsieger Slowenien Winner 2013\u00a0 Veteranensieger &#8230; <a title=\"Yukatan\" class=\"read-more\" href=\"https:\/\/la-montez.de\/en\/yukatan\/\" aria-label=\"More on Yukatan\">Read more<\/a><\/p>","protected":false},"author":1,"featured_media":0,"parent":0,"menu_order":0,"comment_status":"closed","ping_status":"closed","template":"","meta":{"_custom_body_class":"","_custom_post_class":""},"_links":{"self":[{"href":"https:\/\/la-montez.de\/en\/wp-json\/wp\/v2\/pages\/90"}],"collection":[{"href":"https:\/\/la-montez.de\/en\/wp-json\/wp\/v2\/pages"}],"about":[{"href":"https:\/\/la-montez.de\/en\/wp-json\/wp\/v2\/types\/page"}],"author":[{"embeddable":true,"href":"https:\/\/la-montez.de\/en\/wp-json\/wp\/v2\/users\/1"}],"replies":[{"embeddable":true,"href":"https:\/\/la-montez.de\/en\/wp-json\/wp\/v2\/comments?post=90"}],"version-history":[{"count":24,"href":"https:\/\/la-montez.de\/en\/wp-json\/wp\/v2\/pages\/90\/revisions"}],"predecessor-version":[{"id":1752,"href":"https:\/\/la-montez.de\/en\/wp-json\/wp\/v2\/pages\/90\/revisions\/1752"}],"wp:attachment":[{"href":"https:\/\/la-montez.de\/en\/wp-json\/wp\/v2\/media?parent=90"}],"curies":[{"name":"wp","href":"https:\/\/api.w.org\/{rel}","templated":true}]}}